{"id":34221,"date":"2024-07-11T14:02:47","date_gmt":"2024-07-11T14:02:47","guid":{"rendered":"https:\/\/difference.goodbear.co.uk\/?page_id=34221"},"modified":"2024-07-11T14:02:48","modified_gmt":"2024-07-11T14:02:48","slug":"termos-de-uso","status":"publish","type":"page","link":"https:\/\/difference.goodbear.co.uk\/pt-pt\/termos-de-uso\/","title":{"rendered":"Termos de uso"},"content":{"rendered":"\n<p>Estes termos de uso do site e pol\u00edtica de uso aceit\u00e1vel (juntamente com os documentos neles referidos) informam quais s\u00e3o os usos permitidos e proibidos e os termos gerais de uso nos quais voc\u00ea pode usar o site &#8216;Rede de L\u00edderes Reconciliadores&#8217; (Reconciling Leaders Network) (&#8220;nosso site&#8221;).<\/p>\n\n\n\n<p>O uso do nosso site inclui acessar, navegar ou se registrar para usar nosso site. Certifique-se de ter lido e entendido esta pol\u00edtica. Caso n\u00e3o concorde com ela, voc\u00ea n\u00e3o deve usar nosso site.<\/p>\n\n\n\n<p>Informa\u00e7\u00f5es sobre n\u00f3s<\/p>\n\n\n\n<p>Nosso site \u00e9 operado pela &#8216;Rede de L\u00edderes Reconciliadores&#8217; (Reconciling Leaders Network), estabelecida para fins de caridade, n\u00famero de caridade 1176374. Estamos localizados no Lambeth Palace, Lambeth Palace Road, Londres, SE1 7JU, Reino Unido.<\/p>\n\n\n\n<p>Estamos registrados no Information Commissioner, n\u00famero de registro ZA522948.<\/p>\n\n\n\n<p><a href=\"#back-to-top\">Voltar ao topo<\/a><\/p>\n\n\n\n<h2 class=\"wp-block-heading\">Outros termos aplic\u00e1veis<\/h2>\n\n\n\n<p>Nossa Pol\u00edtica de Privacidade e Cookies tamb\u00e9m se aplica ao seu uso do nosso site e estabelece os termos nos quais processamos quaisquer dados pessoais que coletamos de voc\u00ea ou que voc\u00ea nos fornece, com detalhes sobre os cookies usados pelo nosso site.<\/p>\n\n\n\n<p>Ao utilizar nosso site, voc\u00ea consente ao processamento dos seus dados pessoais e confirma que todos os dados fornecidos por voc\u00ea s\u00e3o verdadeiros e sempre que necess\u00e1rio ser\u00e3o alterados e atualizados. Al\u00e9m disso, voc\u00ea confirma que, ao fornecer dados pessoais de terceiros, tem o consentimento deles e que, da mesma forma, garantir\u00e1 que os dados pessoais fornecidos sejam verdadeiros e atualizados.<\/p>\n\n\n\n<p><a href=\"#back-to-top\">Voltar ao topo<\/a><\/p>\n\n\n\n<h2 class=\"wp-block-heading\">Altera\u00e7\u00f5es a estes termos<\/h2>\n\n\n\n<p>Podemos revisar estes termos de uso a qualquer momento, alterando esta p\u00e1gina. Verifique esta p\u00e1gina de tempos em tempos para tomar nota de quaisquer altera\u00e7\u00f5es que fizermos, pois elas s\u00e3o vinculativas a voc\u00ea.<\/p>\n\n\n\n<p><a href=\"#back-to-top\">Voltar ao topo<\/a><\/p>\n\n\n\n<h2 class=\"wp-block-heading\">Altera\u00e7\u00f5es em nosso site<\/h2>\n\n\n\n<p>Podemos atualizar nosso site de tempos em tempos e alterar o conte\u00fado a qualquer momento. No entanto, observe que qualquer conte\u00fado em nosso site pode estar desatualizado a qualquer momento e n\u00e3o temos obriga\u00e7\u00e3o de atualiz\u00e1-lo. N\u00e3o garantimos que nosso site, ou qualquer conte\u00fado nele contido, esteja livre de erros ou omiss\u00f5es.<\/p>\n\n\n\n<p><a href=\"#back-to-top\">Voltar ao topo<\/a><\/p>\n\n\n\n<h2 class=\"wp-block-heading\">Acessando nosso site<\/h2>\n\n\n\n<p>Todo esfor\u00e7o \u00e9 feito para manter este site e qualquer suporte associado funcionando sem problemas. No entanto, n\u00e3o garantimos que nosso site, ou qualquer conte\u00fado, estar\u00e1 sempre dispon\u00edvel ininterruptamente ou que o suporte estar\u00e1 dispon\u00edvel. O acesso ao nosso site \u00e9 permitido temporariamente. Podemos suspender, retirar, descontinuar ou alterar toda e qualquer se\u00e7\u00e3o do nosso site sem aviso pr\u00e9vio. N\u00e3o seremos respons\u00e1veis perante voc\u00ea se, por qualquer motivo, nosso site estiver indispon\u00edvel a qualquer momento ou por qualquer per\u00edodo.<\/p>\n\n\n\n<p>Voc\u00ea \u00e9 respons\u00e1vel por tomar as provid\u00eancias necess\u00e1rias para ter acesso ao nosso site.<\/p>\n\n\n\n<p>Voc\u00ea tamb\u00e9m \u00e9 respons\u00e1vel por garantir que todas as pessoas que acessam nosso site por meio de sua conex\u00e3o de internet estejam cientes destes termos de uso e outros termos e condi\u00e7\u00f5es aplic\u00e1veis, e que os cumpram.<\/p>\n\n\n\n<p><a href=\"#back-to-top\">Voltar ao topo<\/a><\/p>\n\n\n\n<h2 class=\"wp-block-heading\">Sua conta e senha<\/h2>\n\n\n\n<p>Ao definir sua pr\u00f3pria senha como parte dos procedimentos de seguran\u00e7a da conta, voc\u00ea dever\u00e1 tratar essa informa\u00e7\u00e3o como confidencial, n\u00e3o devendo revel\u00e1-la a terceiros. Temos o direito de desativar qualquer Conta de Usu\u00e1rio a qualquer momento.<\/p>\n\n\n\n<p>Se voc\u00ea souber ou suspeitar que algu\u00e9m al\u00e9m de voc\u00ea sabe sua senha, altere-a imediatamente.<\/p>\n\n\n\n<p><a href=\"#back-to-top\">Voltar ao topo<\/a><\/p>\n\n\n\n<h2 class=\"wp-block-heading\">Direitos de propriedade intelectual<\/h2>\n\n\n\n<p>Tirando onde voc\u00ea inseriu informa\u00e7\u00f5es em nosso site e criou quaisquer direitos (nesse caso, os direitos permanecer\u00e3o com voc\u00ea ou o propriet\u00e1rio), somos os propriet\u00e1rios ou licenciados de todos os direitos de propriedade intelectual em nosso site e no material publicado nele. Essas obras s\u00e3o protegidas por leis e acordos de direitos autorais em todo o mundo. Esses direitos s\u00e3o reservados.<\/p>\n\n\n\n<p>Observe que alguns conte\u00fados encontrados neste site podem ser protegido por direitos autorais de terceiros, reproduzidos com a devida permiss\u00e3o, consentimento, sob licen\u00e7a ou dentro dos atos permitidos pela Lei de Direitos Autorais, Designs e Patentes de 1988 do Reino Unido.<\/p>\n\n\n\n<p>Qualquer terceiro que acredite que alguma parte deste site infrinja algum de seus direitos deve entrar em contato conosco imediatamente.<\/p>\n\n\n\n<p><a href=\"#back-to-top\">Voltar ao topo<\/a><\/p>\n\n\n\n<h2 class=\"wp-block-heading\">Informa\u00e7\u00f5es que fornecemos e n\u00e3o depend\u00eancia de informa\u00e7\u00f5es<\/h2>\n\n\n\n<p>As informa\u00e7\u00f5es que fornecemos podem incluir, mas n\u00e3o est\u00e3o limitadas a, detalhes do curso, materiais do curso, tutoriais, tours, suporte, informa\u00e7\u00f5es importantes, excertos (incluindo, entre outros, leituras seculares e crist\u00e3s, poemas, can\u00e7\u00f5es e outras literaturas), alertas, an\u00fancios, not\u00edcias e outras informa\u00e7\u00f5es gerais, e podem estar em qualquer formato. Os formatos incluem, mas n\u00e3o est\u00e3o limitados a, texto, imagens, fotografias, \u00e1udio e v\u00eddeo, e podem ser entregues por v\u00e1rios meios, incluindo, mas n\u00e3o limitado a, site associado, pessoalmente, telefone ou e-mail.<\/p>\n\n\n\n<p>Embora nos esforcemos para atualizar as informa\u00e7\u00f5es em nosso site, n\u00e3o damos declara\u00e7\u00f5es ou garantias, expressas ou impl\u00edcitas, de que o conte\u00fado do nosso site seja preciso, completo ou atualizado.<\/p>\n\n\n\n<p><a href=\"#back-to-top\">Voltar ao topo<\/a><\/p>\n\n\n\n<h2 class=\"wp-block-heading\">Informa\u00e7\u00f5es fornecidas pelo\/a usu\u00e1rio\/a<\/h2>\n\n\n\n<p>As informa\u00e7\u00f5es fornecidas por voc\u00ea devem estar atualizadas e corretas no momento do fornecimento e voc\u00ea deve mant\u00ea-las atualizadas e corretas. Todas as informa\u00e7\u00f5es pessoais ser\u00e3o processadas de acordo com nossa Pol\u00edtica de Privacidade e Cookies.<\/p>\n\n\n\n<p>Sempre que contribuir com informa\u00e7\u00f5es em qualquer parte do nosso site, voc\u00ea dever\u00e1 cumprir as disposi\u00e7\u00f5es estabelecidas nestes termos e condi\u00e7\u00f5es.<\/p>\n\n\n\n<h2 class=\"wp-block-heading\"><a href=\"#back-to-top\">Voltar ao topo<\/a><\/h2>\n\n\n\n<p>Limita\u00e7\u00e3o da nossa responsabilidade<\/p>\n\n\n\n<p>Nada nestes termos de uso exclui ou limita nossa responsabilidade por morte ou danos pessoais decorrentes de nossa neglig\u00eancia, ou nossa fraude ou declara\u00e7\u00e3o fraudulenta, ou qualquer outra responsabilidade que n\u00e3o possa ser exclu\u00edda ou limitada pela lei inglesa.<\/p>\n\n\n\n<p>Na medida permitida por lei, exclu\u00edmos todas as condi\u00e7\u00f5es, garantias, representa\u00e7\u00f5es ou outros termos que possam ser aplicados ao nosso site ou a qualquer conte\u00fado nele contido, expresso ou impl\u00edcito.<\/p>\n\n\n\n<p>N\u00e3o seremos respons\u00e1veis perante qualquer usu\u00e1rio\/a por qualquer perda ou dano, seja em contrato, delito (incluindo neglig\u00eancia), viola\u00e7\u00e3o de dever estatut\u00e1rio ou, de outra forma, mesmo que previs\u00edvel, decorrente ou relacionado ao:<\/p>\n\n\n\n<p>uso ou incapacidade de usar nosso site; ou<\/p>\n\n\n\n<p>uso ou depend\u00eancia de qualquer conte\u00fado exibido em nosso site.<\/p>\n\n\n\n<p>N\u00e3o seremos respons\u00e1veis por qualquer perda ou dano causado por um v\u00edrus, ataque distribu\u00eddo de nega\u00e7\u00e3o de servi\u00e7o ou outro material tecnologicamente prejudicial que possa infectar seu computador, programas de computador, dados ou outro material propriet\u00e1rio devido ao uso de nosso site ou ao download de qualquer conte\u00fado contido nele ou em qualquer site vinculado a ele.<\/p>\n\n\n\n<p>N\u00e3o nos responsabilizamos pelo conte\u00fado dos sites vinculados ao nosso site. Links n\u00e3o devem ser interpretados como endosso nosso aos sites vinculados. N\u00e3o seremos respons\u00e1veis por perdas ou danos que possam surgir do uso deles.<\/p>\n\n\n\n<p><a href=\"#back-to-top\">Voltar ao topo<\/a><\/p>\n\n\n\n<h2 class=\"wp-block-heading\">V\u00edrus<\/h2>\n\n\n\n<p>N\u00e3o garantimos que nosso site seja seguro ou livre de erros ou v\u00edrus.<\/p>\n\n\n\n<p>Voc\u00ea \u00e9 respons\u00e1vel por configurar sua tecnologia da informa\u00e7\u00e3o, programas de computador e plataforma para acessar nosso site. Voc\u00ea deve usar seu pr\u00f3prio software de prote\u00e7\u00e3o contra v\u00edrus.<\/p>\n\n\n\n<p>Voc\u00ea n\u00e3o deve fazer uso indevido do nosso site introduzindo intencionalmente v\u00edrus, cavalos de Tr\u00f3ia, worms, bombas l\u00f3gicas ou outros materiais maliciosos ou tecnologicamente prejudiciais. Voc\u00ea n\u00e3o deve tentar obter acesso n\u00e3o autorizado ao nosso site, ao servidor no qual nosso site est\u00e1 armazenado ou a qualquer servidor, computador ou banco de dados conectado ao nosso site. Voc\u00ea n\u00e3o deve atacar nosso site por meio de um ataque de nega\u00e7\u00e3o de servi\u00e7o ou um ataque distribu\u00eddo de nega\u00e7\u00e3o de servi\u00e7o. Relataremos qualquer viola\u00e7\u00e3o \u00e0s autoridades competentes e cooperaremos com essas autoridades revelando sua identidade a elas. No caso de tal viola\u00e7\u00e3o, seu direito de usar nosso site acabar\u00e1 imediatamente.<\/p>\n\n\n\n<p><a href=\"#back-to-top\">Voltar ao topo<\/a><\/p>\n\n\n\n<h2 class=\"wp-block-heading\">Link para o nosso site<\/h2>\n\n\n\n<p>Voc\u00ea pode criar um link para o nosso site, desde que o fa\u00e7a de maneira justa e legal e n\u00e3o prejudique nossa reputa\u00e7\u00e3o ou tire proveito dela. N\u00e3o deve estabele\u00e7a links de forma a sugerir qualquer associa\u00e7\u00e3o, aprova\u00e7\u00e3o ou endosso de nossa parte onde n\u00e3o existe. Voc\u00ea n\u00e3o deve estabelecer um link para o nosso site a partir de um site do qual voc\u00ea n\u00e3o tenha permiss\u00e3o para isso. Reservamo-nos o direito de retirar a permiss\u00e3o de link sem aviso pr\u00e9vio.<\/p>\n\n\n\n<p><a href=\"#back-to-top\">Voltar ao topo<\/a><\/p>\n\n\n\n<h2 class=\"wp-block-heading\">Links e recursos de terceiros em nosso site<\/h2>\n\n\n\n<p>Onde nosso site contiver links para outros sites e recursos fornecidos por terceiros, tais links s\u00e3o fornecidos apenas para sua informa\u00e7\u00e3o.<\/p>\n\n\n\n<p>N\u00e3o temos controle sobre o conte\u00fado desses sites ou recursos. A inclus\u00e3o de quaisquer links para outros sites n\u00e3o implica recomenda\u00e7\u00e3o ou endosso das opini\u00f5es expressas nesses sites. Ao acessar tais links, ser\u00e1 inteiramente por sua conta e risco.<\/p>\n\n\n\n<p><a href=\"#back-to-top\">Voltar ao topo<\/a><\/p>\n\n\n\n<h2 class=\"wp-block-heading\">Entrando em contato com voc\u00ea sobre altera\u00e7\u00f5es no site<\/h2>\n\n\n\n<p>Se voc\u00ea criar uma conta em nosso site, poderemos entrar em contato com voc\u00ea de tempos em tempos sobre detalhes que consideramos importantes em rela\u00e7\u00e3o a altera\u00e7\u00f5es, atualiza\u00e7\u00f5es ou melhorias no site.<\/p>\n\n\n\n<p><a href=\"#back-to-top\">Voltar ao topo<\/a><\/p>\n\n\n\n<h2 class=\"wp-block-heading\">Usos proibidos<\/h2>\n\n\n\n<p>Voc\u00ea pode usar nosso site apenas para fins legais. Voc\u00ea n\u00e3o pode usar nosso site:<\/p>\n\n\n\n<p>De qualquer forma que viole qualquer lei ou regulamento local, nacional ou internacional aplic\u00e1vel.<\/p>\n\n\n\n<p>De qualquer forma que seja ilegal ou fraudulenta ou tenha qualquer finalidade ou efeito ilegal ou fraudulento.<\/p>\n\n\n\n<p>Com o objetivo de prejudicar ou tentar causar danos.<\/p>\n\n\n\n<p>Para enviar, receber conscientemente, carregar, baixar, usar ou reutilizar qualquer material que n\u00e3o esteja em conformidade com nossos padr\u00f5es de conte\u00fado estabelecidos abaixo.<\/p>\n\n\n\n<p>Para transmitir ou obter o envio de qualquer material n\u00e3o solicitado ou n\u00e3o autorizado ou qualquer outra forma de solicita\u00e7\u00e3o semelhante (spam).<\/p>\n\n\n\n<p>Para transmitir intencionalmente quaisquer dados, enviar ou carregar qualquer material que contenha v\u00edrus, cavalos de Tr\u00f3ia, worms, bombas-rel\u00f3gio, keystroke loggers, spyware, adware ou quaisquer outros programas nocivos ou c\u00f3digos de computador semelhantes projetados para afetar adversamente a opera\u00e7\u00e3o de qualquer software de computador ou hardware.<\/p>\n\n\n\n<p>Voc\u00ea tamb\u00e9m concorda em:<\/p>\n\n\n\n<p>Exceto o estabelecido nesta pol\u00edtica, n\u00e3o reproduzir, duplicar, copiar ou revender qualquer parte do nosso site em viola\u00e7\u00e3o das disposi\u00e7\u00f5es desta pol\u00edtica.<\/p>\n\n\n\n<p>N\u00e3o acessar sem autoriza\u00e7\u00e3o, interferir, danificar ou interromper:<\/p>\n\n\n\n<p>qualquer parte do nosso site;<\/p>\n\n\n\n<p>qualquer equipamento ou rede em que nosso site esteja armazenado;<\/p>\n\n\n\n<p>qualquer software utilizado na disponibiliza\u00e7\u00e3o do nosso site; ou<\/p>\n\n\n\n<p>qualquer equipamento, rede ou software pertencente ou usado por terceiros.<\/p>\n\n\n\n<p><a href=\"#back-to-top\">Voltar ao topo<\/a><\/p>\n\n\n\n<h2 class=\"wp-block-heading\">Suspens\u00e3o e encerramento<\/h2>\n\n\n\n<p>Se, a nosso crit\u00e9rio exclusivo, houver qualquer uso inapropriado do nosso site por voc\u00ea, podemos tomar as medidas que considerarmos apropriadas, incluindo a retirada de seu direito de usar nosso site e, se apropriado, procedimentos legais.<\/p>\n\n\n\n<p>Exclu\u00edmos a responsabilidade por a\u00e7\u00f5es tomadas em resposta ao uso inapropriado do site e a quaisquer viola\u00e7\u00f5es desta pol\u00edtica. As respostas descritas nesta pol\u00edtica n\u00e3o s\u00e3o limitadas, e podemos tomar qualquer outra a\u00e7\u00e3o que considerarmos apropriada.<\/p>\n\n\n\n<p><a href=\"#back-to-top\">Voltar ao topo<\/a><\/p>\n\n\n\n<h2 class=\"wp-block-heading\">Acessibilidade<\/h2>\n\n\n\n<p>Estamos comprometidos em tornar este site acess\u00edvel a todos e inclu\u00edmos recursos para auxiliar na acessibilidade. Nosso objetivo \u00e9 atender aos padr\u00f5es t\u00e9cnicos estabelecidos pelo World Wide Web Consortium em suas Diretrizes de Acessibilidade para Conte\u00fado Web (WCAG) 2.0. para tornar este site acess\u00edvel.<\/p>\n\n\n\n<p><a href=\"#back-to-top\">Voltar ao topo<\/a><\/p>\n\n\n\n<h2 class=\"wp-block-heading\">Lei aplic\u00e1vel<\/h2>\n\n\n\n<p>Observe que esta pol\u00edtica, sua tem\u00e1tica e sua forma\u00e7\u00e3o s\u00e3o regidas pela lei inglesa. Voc\u00ea e n\u00f3s concordamos que os tribunais da Inglaterra e do Pa\u00eds de Gales ter\u00e3o jurisdi\u00e7\u00e3o exclusiva.<\/p>\n\n\n\n<p><a href=\"#back-to-top\">Voltar ao topo<\/a><\/p>\n\n\n\n<h2 class=\"wp-block-heading\">Contate-nos<\/h2>\n\n\n\n<p>Para entrar em contato conosco, por favor, use os dados abaixo:<\/p>\n\n\n\n<p>Nome do contato: Zo\u00eb Tunstall<\/p>\n\n\n\n<p>Endere\u00e7o postal: Lambeth Palace, Lambeth Palace Road, Londres, SE1 7JU, Reino Unido.<\/p>\n\n\n\n<p>Endere\u00e7o de e-mail: <a href=\"mailto:hello@rln.global\">hello@rln.global<\/a><\/p>\n\n\n\n<p><a href=\"#back-to-top\">Voltar ao topo<\/a><\/p>\n","protected":false},"excerpt":{"rendered":"<p>Estes termos de uso do site e pol\u00edtica de uso aceit\u00e1vel (juntamente com os documentos neles referidos) informam quais s\u00e3o os usos permitidos e proibidos e os termos gerais de uso nos quais voc\u00ea pode usar o site &#8216;Rede de L\u00edderes Reconciliadores&#8217; (Reconciling Leaders Network) (&#8220;nosso site&#8221;). O uso do nosso site inclui acessar, navegar [&hellip;]<\/p>\n","protected":false},"author":4595,"featured_media":0,"parent":0,"menu_order":0,"comment_status":"closed","ping_status":"closed","template":"page-basic.php","meta":{"_acf_changed":false,"footnotes":""},"class_list":["post-34221","page","type-page","status-publish","hentry"],"acf":[],"yoast_head":"<!-- This site is optimized with the Yoast SEO plugin v26.9 - https:\/\/yoast.com\/product\/yoast-seo-wordpress\/ -->\n<title>Termos de uso - Difference: Make your faith count in a complex and divided world<\/title>\n<meta name=\"robots\" content=\"noindex, follow, max-snippet:-1, max-image-preview:large, max-video-preview:-1\" \/>\n<meta property=\"og:locale\" content=\"pt_PT\" \/>\n<meta property=\"og:type\" content=\"article\" \/>\n<meta property=\"og:title\" content=\"Termos de uso - Difference: Make your faith count in a complex and divided world\" \/>\n<meta property=\"og:description\" content=\"Estes termos de uso do site e pol\u00edtica de uso aceit\u00e1vel (juntamente com os documentos neles referidos) informam quais s\u00e3o os usos permitidos e proibidos e os termos gerais de uso nos quais voc\u00ea pode usar o site &#8216;Rede de L\u00edderes Reconciliadores&#8217; (Reconciling Leaders Network) (&#8220;nosso site&#8221;). O uso do nosso site inclui acessar, navegar [&hellip;]\" \/>\n<meta property=\"og:url\" content=\"https:\/\/difference.goodbear.co.uk\/pt-pt\/termos-de-uso\/\" \/>\n<meta property=\"og:site_name\" content=\"Difference: Make your faith count in a complex and divided world\" \/>\n<meta property=\"article:modified_time\" content=\"2024-07-11T14:02:48+00:00\" \/>\n<meta name=\"twitter:card\" content=\"summary_large_image\" \/>\n<meta name=\"twitter:label1\" content=\"Est. reading time\" \/>\n\t<meta name=\"twitter:data1\" content=\"9 minutes\" \/>\n<script type=\"application\/ld+json\" class=\"yoast-schema-graph\">{\"@context\":\"https:\/\/schema.org\",\"@graph\":[{\"@type\":\"WebPage\",\"@id\":\"https:\/\/difference.goodbear.co.uk\/pt-pt\/termos-de-uso\/\",\"url\":\"https:\/\/difference.goodbear.co.uk\/pt-pt\/termos-de-uso\/\",\"name\":\"Termos de uso - Difference: Make your faith count in a complex and divided world\",\"isPartOf\":{\"@id\":\"https:\/\/difference.goodbear.co.uk\/#website\"},\"datePublished\":\"2024-07-11T14:02:47+00:00\",\"dateModified\":\"2024-07-11T14:02:48+00:00\",\"breadcrumb\":{\"@id\":\"https:\/\/difference.goodbear.co.uk\/pt-pt\/termos-de-uso\/#breadcrumb\"},\"inLanguage\":\"pt-PT\",\"potentialAction\":[{\"@type\":\"ReadAction\",\"target\":[\"https:\/\/difference.goodbear.co.uk\/pt-pt\/termos-de-uso\/\"]}]},{\"@type\":\"BreadcrumbList\",\"@id\":\"https:\/\/difference.goodbear.co.uk\/pt-pt\/termos-de-uso\/#breadcrumb\",\"itemListElement\":[{\"@type\":\"ListItem\",\"position\":1,\"name\":\"Home\",\"item\":\"https:\/\/difference.goodbear.co.uk\/pt-pt\/\"},{\"@type\":\"ListItem\",\"position\":2,\"name\":\"Termos de uso\"}]},{\"@type\":\"WebSite\",\"@id\":\"https:\/\/difference.goodbear.co.uk\/#website\",\"url\":\"https:\/\/difference.goodbear.co.uk\/\",\"name\":\"Difference: Make your faith count in a complex and divided world\",\"description\":\"Difference is a 5 session course that explores what it means to follow Jesus in the face of conflict and see transformation through everyday encounters.\",\"potentialAction\":[{\"@type\":\"SearchAction\",\"target\":{\"@type\":\"EntryPoint\",\"urlTemplate\":\"https:\/\/difference.goodbear.co.uk\/?s={search_term_string}\"},\"query-input\":{\"@type\":\"PropertyValueSpecification\",\"valueRequired\":true,\"valueName\":\"search_term_string\"}}],\"inLanguage\":\"pt-PT\"}]}<\/script>\n<!-- \/ Yoast SEO plugin. -->","yoast_head_json":{"title":"Termos de uso - Difference: Make your faith count in a complex and divided world","robots":{"index":"noindex","follow":"follow","max-snippet":"max-snippet:-1","max-image-preview":"max-image-preview:large","max-video-preview":"max-video-preview:-1"},"og_locale":"pt_PT","og_type":"article","og_title":"Termos de uso - Difference: Make your faith count in a complex and divided world","og_description":"Estes termos de uso do site e pol\u00edtica de uso aceit\u00e1vel (juntamente com os documentos neles referidos) informam quais s\u00e3o os usos permitidos e proibidos e os termos gerais de uso nos quais voc\u00ea pode usar o site &#8216;Rede de L\u00edderes Reconciliadores&#8217; (Reconciling Leaders Network) (&#8220;nosso site&#8221;). O uso do nosso site inclui acessar, navegar [&hellip;]","og_url":"https:\/\/difference.goodbear.co.uk\/pt-pt\/termos-de-uso\/","og_site_name":"Difference: Make your faith count in a complex and divided world","article_modified_time":"2024-07-11T14:02:48+00:00","twitter_card":"summary_large_image","twitter_misc":{"Est. reading time":"9 minutes"},"schema":{"@context":"https:\/\/schema.org","@graph":[{"@type":"WebPage","@id":"https:\/\/difference.goodbear.co.uk\/pt-pt\/termos-de-uso\/","url":"https:\/\/difference.goodbear.co.uk\/pt-pt\/termos-de-uso\/","name":"Termos de uso - Difference: Make your faith count in a complex and divided world","isPartOf":{"@id":"https:\/\/difference.goodbear.co.uk\/#website"},"datePublished":"2024-07-11T14:02:47+00:00","dateModified":"2024-07-11T14:02:48+00:00","breadcrumb":{"@id":"https:\/\/difference.goodbear.co.uk\/pt-pt\/termos-de-uso\/#breadcrumb"},"inLanguage":"pt-PT","potentialAction":[{"@type":"ReadAction","target":["https:\/\/difference.goodbear.co.uk\/pt-pt\/termos-de-uso\/"]}]},{"@type":"BreadcrumbList","@id":"https:\/\/difference.goodbear.co.uk\/pt-pt\/termos-de-uso\/#breadcrumb","itemListElement":[{"@type":"ListItem","position":1,"name":"Home","item":"https:\/\/difference.goodbear.co.uk\/pt-pt\/"},{"@type":"ListItem","position":2,"name":"Termos de uso"}]},{"@type":"WebSite","@id":"https:\/\/difference.goodbear.co.uk\/#website","url":"https:\/\/difference.goodbear.co.uk\/","name":"Difference: Make your faith count in a complex and divided world","description":"Difference is a 5 session course that explores what it means to follow Jesus in the face of conflict and see transformation through everyday encounters.","potentialAction":[{"@type":"SearchAction","target":{"@type":"EntryPoint","urlTemplate":"https:\/\/difference.goodbear.co.uk\/?s={search_term_string}"},"query-input":{"@type":"PropertyValueSpecification","valueRequired":true,"valueName":"search_term_string"}}],"inLanguage":"pt-PT"}]}},"_links":{"self":[{"href":"https:\/\/difference.goodbear.co.uk\/pt-pt\/wp-json\/wp\/v2\/pages\/34221","targetHints":{"allow":["GET"]}}],"collection":[{"href":"https:\/\/difference.goodbear.co.uk\/pt-pt\/wp-json\/wp\/v2\/pages"}],"about":[{"href":"https:\/\/difference.goodbear.co.uk\/pt-pt\/wp-json\/wp\/v2\/types\/page"}],"author":[{"embeddable":true,"href":"https:\/\/difference.goodbear.co.uk\/pt-pt\/wp-json\/wp\/v2\/users\/4595"}],"replies":[{"embeddable":true,"href":"https:\/\/difference.goodbear.co.uk\/pt-pt\/wp-json\/wp\/v2\/comments?post=34221"}],"version-history":[{"count":1,"href":"https:\/\/difference.goodbear.co.uk\/pt-pt\/wp-json\/wp\/v2\/pages\/34221\/revisions"}],"predecessor-version":[{"id":34222,"href":"https:\/\/difference.goodbear.co.uk\/pt-pt\/wp-json\/wp\/v2\/pages\/34221\/revisions\/34222"}],"wp:attachment":[{"href":"https:\/\/difference.goodbear.co.uk\/pt-pt\/wp-json\/wp\/v2\/media?parent=34221"}],"curies":[{"name":"wp","href":"https:\/\/api.w.org\/{rel}","templated":true}]}}