{"id":34223,"date":"2024-07-11T14:08:29","date_gmt":"2024-07-11T14:08:29","guid":{"rendered":"https:\/\/difference.goodbear.co.uk\/?page_id=34223"},"modified":"2024-07-11T14:08:31","modified_gmt":"2024-07-11T14:08:31","slug":"conditions-dutilisation","status":"publish","type":"page","link":"https:\/\/difference.goodbear.co.uk\/fr\/conditions-dutilisation\/","title":{"rendered":"Conditions d\u2019utilisation"},"content":{"rendered":"\n<p>Les pr\u00e9sentes conditions d\u2019utilisation du site web et la politique d\u2019utilisation acceptable (ainsi que les documents auxquels elles font r\u00e9f\u00e9rence) vous indiquent les utilisations autoris\u00e9es et les utilisations interdites, ainsi que les conditions g\u00e9n\u00e9rales d\u2019utilisation du site web de \u00ab Reconciling Leaders Network \u00bb (\u00ab notre site \u00bb).<\/p>\n\n\n\n<p>L\u2019utilisation de notre site comprend l\u2019acc\u00e8s, la navigation ou l\u2019enregistrement pour utiliser notre site. Veuillez vous assurer de lire et de comprendre cette politique. Si vous n\u2019acceptez pas cette politique, vous ne devez pas utiliser notre site.<\/p>\n\n\n\n<h2 class=\"wp-block-heading\">Informations sur nous<\/h2>\n\n\n\n<p>Notre site est exploit\u00e9 par \u00ab Reconciling Leaders Network \u00bb, qui est \u00e9tabli \u00e0 des fins caritatives sous le num\u00e9ro d\u2019organisation caritative 1176374. Nous sommes bas\u00e9s au Lambeth Palace, Lambeth Palace Road, Londres, SE1 7JU, Royaume-Uni.<\/p>\n\n\n\n<p>Nous sommes enregistr\u00e9s aupr\u00e8s de l\u2019Information Commissioner sous le num\u00e9ro ZA522948.<\/p>\n\n\n\n<p><a href=\"#back-to-top\">Retour au sommet<\/a><\/p>\n\n\n\n<h2 class=\"wp-block-heading\">Autres conditions applicables<\/h2>\n\n\n\n<p>Notre politique en mati\u00e8re de confidentialit\u00e9 et de cookies s\u2019applique \u00e9galement \u00e0 votre utilisation de notre site et d\u00e9finit les conditions dans lesquelles nous traitons les donn\u00e9es \u00e0 caract\u00e8re personnel que nous collections aupr\u00e8s de vous ou que vous nous fournissez, ainsi que des d\u00e9tails sur les cookies utilis\u00e9s par notre site.<\/p>\n\n\n\n<p>En utilisant notre site, vous consentez au traitement de vos donn\u00e9es \u00e0 caract\u00e8re personnel et vous confirmez que toutes les donn\u00e9es que vous avez fournies sont exactes et que, le cas \u00e9ch\u00e9ant, elles seront modifi\u00e9es et mises \u00e0 jour. En outre, vous confirmez, lorsque vous avez fourni des donn\u00e9es \u00e0 caract\u00e8re personnel de tiers, que vous avez leur consentement et que vous veillerez de la m\u00eame mani\u00e8re \u00e0 ce que les donn\u00e9es \u00e0 caract\u00e8re personnel que vous avez fournies soient exactes et mises \u00e0 jour.<\/p>\n\n\n\n<p><a href=\"#back-to-top\">Retour au sommet<\/a><\/p>\n\n\n\n<h2 class=\"wp-block-heading\">Modifications des pr\u00e9sentes conditions<\/h2>\n\n\n\n<p>Nous pouvons r\u00e9viser les pr\u00e9sentes conditions d\u2019utilisation \u00e0 tout moment en modifiant cette page. Veuillez consulter occasionnellement cette page pour prendre connaissance des modifications que nous apportons, car elles vous engagent.<\/p>\n\n\n\n<p><a href=\"#back-to-top\">Retour au sommet<\/a><\/p>\n\n\n\n<h2 class=\"wp-block-heading\">Modifications de notre site<\/h2>\n\n\n\n<p>Nous pouvons occasionnellement mettre \u00e0 jour notre site et en modifier le contenu \u00e0 tout moment. Toutefois, veuillez noter que le contenu de notre site peut \u00e0 tout moment devenir obsol\u00e8te et que nous ne sommes pas tenus de le mettre \u00e0 jour. Nous ne garantissons pas que notre site, ou son contenu, soit exempt d\u2019erreurs ou d\u2019omissions.<\/p>\n\n\n\n<p><a href=\"#back-to-top\">Retour au sommet<\/a><\/p>\n\n\n\n<h2 class=\"wp-block-heading\">Acc\u00e8s \u00e0 notre site<\/h2>\n\n\n\n<p>Tout est mis en \u0153uvre pour assurer le bon fonctionnement de ce site et de tout support associ\u00e9. Toutefois, nous ne garantissons pas que notre site, ou tout contenu, sera toujours disponible ou ininterrompu ou que l\u2019assistance sera disponible. L\u2019acc\u00e8s \u00e0 notre site est autoris\u00e9 sur une base temporaire. Nous pouvons suspendre, retirer, interrompre ou modifier tout ou partie de notre site sans pr\u00e9avis. Nous ne serons pas responsables envers vous si, pour quelque raison que ce soit, notre site est indisponible \u00e0 tout moment ou pour toute p\u00e9riode.<\/p>\n\n\n\n<p>Il vous incombe de prendre toutes les dispositions n\u00e9cessaires pour acc\u00e9der \u00e0 notre site.<\/p>\n\n\n\n<p>Il vous incombe \u00e9galement de veiller \u00e0 ce que toutes les personnes qui acc\u00e8dent \u00e0 notre site par le biais de votre connexion Internet soient inform\u00e9es des pr\u00e9sentes conditions d\u2019utilisation et des autres conditions applicables, et \u00e0 ce qu\u2019elles les respectent.<\/p>\n\n\n\n<p><a href=\"#back-to-top\">Retour au sommet<\/a><\/p>\n\n\n\n<h2 class=\"wp-block-heading\">Votre compte et votre mot de passe<\/h2>\n\n\n\n<p>Lorsque vous d\u00e9finissez votre propre mot de passe d\u2019utilisateur dans le cadre des proc\u00e9dures de s\u00e9curit\u00e9 du compte, vous devez traiter ces informations de mani\u00e8re confidentielle. Vous ne devez pas le divulguer \u00e0 des tiers. Nous avons le droit de d\u00e9sactiver tout compte d\u2019utilisateur \u00e0 tout moment.<\/p>\n\n\n\n<p>Si vous savez ou soup\u00e7onnez que quelqu\u2019un d\u2019autre que vous conna\u00eet votre mot de passe, veillez \u00e0 le modifier imm\u00e9diatement.<\/p>\n\n\n\n<p><a href=\"#back-to-top\">Retour au sommet<\/a><\/p>\n\n\n\n<h2 class=\"wp-block-heading\">Droits de propri\u00e9t\u00e9 intellectuelle<\/h2>\n\n\n\n<p>\u00c0 moins que vous n\u2019ayez saisi des informations sur notre site et cr\u00e9\u00e9 des droits (auquel cas ces droits vous appartiennent ou appartiennent au propri\u00e9taire), nous sommes le propri\u00e9taire ou le titulaire de licence de tous les droits de propri\u00e9t\u00e9 intellectuelle sur notre site et sur le mat\u00e9riel qui y est publi\u00e9. Ces \u0153uvres sont prot\u00e9g\u00e9es par des lois et des trait\u00e9s sur les droits d\u2019auteur dans le monde entier. Tous ces droits sont r\u00e9serv\u00e9s.<\/p>\n\n\n\n<p>Veuillez noter que certains contenus de ce site peuvent \u00eatre prot\u00e9g\u00e9s par des droits d\u2019auteur de tiers, reproduits avec leur aimable autorisation, leur consentement, sous licence ou dans le cadre des actes autoris\u00e9s par la loi de 1988 sur les droits d\u2019auteur, les dessins et mod\u00e8les et les brevets (Copyright, Designs and Patents Act 1988).<\/p>\n\n\n\n<p>Tout tiers estimant qu\u2019une quelconque partie de ce site porte atteinte \u00e0 ses droits doit nous contacter imm\u00e9diatement.<\/p>\n\n\n\n<p><a href=\"#back-to-top\">Retour au sommet<\/a><\/p>\n\n\n\n<h2 class=\"wp-block-heading\">Informations que nous fournissons et non fiabilit\u00e9 des informations<\/h2>\n\n\n\n<p>Les informations que nous fournissons peuvent inclure, sans s\u2019y limiter, des d\u00e9tails sur les cours, des supports de cours, des tutoriels, des visites, une assistance aux utilisateurs, des informations cl\u00e9s, des extraits (y compris, sans s\u2019y limiter, des lectures la\u00efques et chr\u00e9tiennes, des po\u00e8mes, des chansons et d\u2019autres documents), des alertes, des annonces, des articles d\u2019actualit\u00e9 et d\u2019autres informations g\u00e9n\u00e9rales et peuvent se pr\u00e9senter sous n\u2019importe quel format. Le format comprend, sans s\u2019y limiter, du texte, des images, des photographies, du son et de la vid\u00e9o et peut \u00eatre transmis par de multiples moyens, y compris, sans s\u2019y limiter, un site web associ\u00e9, une rencontre physique, le t\u00e9l\u00e9phone ou le courrier \u00e9lectronique.<\/p>\n\n\n\n<p>Bien que nous fassions tout ce qui est raisonnablement en notre pouvoir pour mettre \u00e0 jour les informations sur notre site, nous ne formulons aucune d\u00e9claration et ne donnons aucune garantie, expresse ou implicite, quant \u00e0 l\u2019exactitude, l\u2019exhaustivit\u00e9 ou l\u2019actualit\u00e9 du contenu de notre site.<\/p>\n\n\n\n<p><a href=\"#back-to-top\">Retour au sommet<\/a><\/p>\n\n\n\n<h2 class=\"wp-block-heading\">Informations fournies par l\u2019utilisateur<\/h2>\n\n\n\n<p>Les informations que vous fournissez doivent \u00eatre \u00e0 jour et correctes au moment de leur fourniture et vous devez les tenir \u00e0 jour et veiller \u00e0 ce qu\u2019elles soient correctes. Toutes les informations personnelles seront trait\u00e9es conform\u00e9ment \u00e0 notre politique en mati\u00e8re de confidentialit\u00e9 et de cookies.<\/p>\n\n\n\n<p>Lorsque vous fournissez des informations sur une quelconque partie de notre site, vous devez vous conformer aux dispositions \u00e9nonc\u00e9es dans les pr\u00e9sentes conditions g\u00e9n\u00e9rales.<\/p>\n\n\n\n<p><a href=\"#back-to-top\">Retour au sommet<\/a><\/p>\n\n\n\n<h2 class=\"wp-block-heading\">Limitation de notre responsabilit\u00e9<\/h2>\n\n\n\n<p>Aucune disposition des pr\u00e9sentes conditions d\u2019utilisation n\u2019exclut ou ne limite notre responsabilit\u00e9 en cas de d\u00e9c\u00e8s ou de dommages corporels r\u00e9sultant de notre n\u00e9gligence, de notre fraude ou de nos d\u00e9clarations frauduleuses, ou de toute autre responsabilit\u00e9 qui ne peut \u00eatre exclue ou limit\u00e9e par le droit anglais.<\/p>\n\n\n\n<p>Dans la mesure permise par la loi, nous excluons toutes les conditions, garanties, d\u00e9clarations ou autres dispositions qui peuvent s\u2019appliquer \u00e0 notre site ou \u00e0 son contenu, qu\u2019elles soient explicites ou implicites.<\/p>\n\n\n\n<p>Nous ne serons pas responsables envers un utilisateur en cas de perte ou de pr\u00e9judice, qu\u2019ils proc\u00e8dent d\u2019un contrat, d\u2019un d\u00e9lit (y compris la n\u00e9gligence), d\u2019un manquement \u00e0 une obligation l\u00e9gale ou autre, m\u00eame s\u2019ils sont pr\u00e9visibles, survenant dans le cadre de ou en relation avec :<\/p>\n\n\n\n<p>l\u2019utilisation de notre site ou l\u2019impossibilit\u00e9 d\u2019utiliser notre site ou<\/p>\n\n\n\n<p>l\u2019utilisation de tout contenu affich\u00e9 sur notre site ou la confiance accord\u00e9e \u00e0 ce contenu.<\/p>\n\n\n\n<p>Nous ne serons pas responsables des pertes ou pr\u00e9judices caus\u00e9s par un virus, une attaque par d\u00e9ni de service distribu\u00e9 ou tout autre \u00e9l\u00e9ment technologiquement nuisible susceptible d\u2019infecter votre \u00e9quipement informatique, vos programmes informatiques, vos donn\u00e9es ou tout autre mat\u00e9riel propri\u00e9taire en raison de votre utilisation de notre site ou de votre t\u00e9l\u00e9chargement de tout contenu sur ces sites ou sur tout autre site web qui leur est li\u00e9.<\/p>\n\n\n\n<p>Nous n\u2019assumons aucune responsabilit\u00e9 quant au contenu des sites web li\u00e9s \u00e0 notre site. Ces liens ne doivent pas \u00eatre interpr\u00e9t\u00e9s comme une approbation de notre part de ces sites web. Nous ne saurions \u00eatre tenus responsables des pertes ou pr\u00e9judices qui pourraient r\u00e9sulter de leur utilisation.<\/p>\n\n\n\n<p><a href=\"#back-to-top\">Retour au sommet<\/a><\/p>\n\n\n\n<h2 class=\"wp-block-heading\">Virus<\/h2>\n\n\n\n<p>Nous ne garantissons pas que notre site sera s\u00e9curis\u00e9 ou exempt de bugs ou de virus.<\/p>\n\n\n\n<p>Vous \u00eates responsable de la configuration de vos technologies de l\u2019information, de vos programmes informatiques et de votre plateforme pour acc\u00e9der \u00e0 notre site. Vous devez utiliser votre propre logiciel de protection contre les virus.<\/p>\n\n\n\n<p>Vous ne devez pas faire un mauvais usage de notre site en y introduisant sciemment des virus, des chevaux de Troie, des vers, des bombes logiques ou d\u2019autres \u00e9l\u00e9ments malveillants ou technologiquement nuisibles. Vous ne devez pas tenter d\u2019obtenir un acc\u00e8s non autoris\u00e9 \u00e0 notre site, au serveur sur lequel notre site est stock\u00e9 ou \u00e0 tout(e) serveur, ordinateur ou base de donn\u00e9es connect\u00e9(e) \u00e0 notre site. Vous ne devez pas vous en prendre \u00e0 notre site par le biais d\u2019une attaque par d\u00e9ni de service ou d\u2019une attaque par d\u00e9ni de service distribu\u00e9. Nous signalerons toute violation de ce type aux autorit\u00e9s comp\u00e9tentes charg\u00e9es de l\u2019application de la loi et nous coop\u00e9rerons avec ces autorit\u00e9s en leur communiquant votre identit\u00e9. En cas de violation de la sorte, votre droit d\u2019utiliser notre site cessera imm\u00e9diatement.<\/p>\n\n\n\n<p><a href=\"#back-to-top\">Retour au sommet<\/a><\/p>\n\n\n\n<h2 class=\"wp-block-heading\">Liens vers notre site<\/h2>\n\n\n\n<p>Vous pouvez cr\u00e9er un lien vers notre site web, \u00e0 condition de le faire d\u2019une mani\u00e8re \u00e9quitable et l\u00e9gale et de ne pas porter atteinte \u00e0 notre r\u00e9putation ou d\u2019en tirer profit. Vous ne devez pas \u00e9tablir de lien de mani\u00e8re \u00e0 sugg\u00e9rer une forme d\u2019association, d\u2019approbation ou d\u2019aval de notre part, alors qu\u2019il n\u2019en existe pas. Vous ne devez pas \u00e9tablir de lien vers notre site \u00e0 partir d\u2019un site web qui ne vous autorise pas \u00e0 \u00e9tablir un tel lien. Nous nous r\u00e9servons le droit de retirer l\u2019autorisation de liaison sans pr\u00e9avis.<\/p>\n\n\n\n<p><a href=\"#back-to-top\">Retour au sommet<\/a><\/p>\n\n\n\n<h2 class=\"wp-block-heading\">Liens et ressources de tiers sur notre site<\/h2>\n\n\n\n<p>Lorsque notre site contient des liens vers d\u2019autres sites et ressources fournis par des tiers, ces liens sont fournis \u00e0 titre d\u2019information uniquement.<\/p>\n\n\n\n<p>Nous n\u2019avons aucun contr\u00f4le sur le contenu de ces sites ou ressources. L\u2019inclusion de liens vers d\u2019autres sites web n\u2019implique pas une recommandation ou une approbation des opinions exprim\u00e9es sur ces sites web. Vous suivez ces liens \u00e0 vos risques et p\u00e9rils.<\/p>\n\n\n\n<p><a href=\"#back-to-top\">Retour au sommet<\/a><\/p>\n\n\n\n<h2 class=\"wp-block-heading\">Vous contacter au sujet des modifications apport\u00e9es au site web<\/h2>\n\n\n\n<p>Si vous cr\u00e9ez un compte d\u2019utilisateur sur notre site web, nous pouvons occasionnellement vous contacter pour vous communiquer des informations que nous jugeons importantes concernant des changements, des mises \u00e0 jour ou des am\u00e9liorations du site web.<\/p>\n\n\n\n<p><a href=\"#back-to-top\">Retour au sommet<\/a><\/p>\n\n\n\n<h2 class=\"wp-block-heading\">Utilisations interdites<\/h2>\n\n\n\n<p>Vous ne pouvez utiliser notre site qu\u2019\u00e0 des fins l\u00e9gales. Vous ne pouvez pas utiliser notre site :<\/p>\n\n\n\n<p>D\u2019une mani\u00e8re qui enfreint toute loi ou r\u00e9glementation locale, nationale ou internationale applicable.<\/p>\n\n\n\n<p>D\u2019une mani\u00e8re qui est ill\u00e9gale ou frauduleuse ou qui a un but ou un effet ill\u00e9gal ou frauduleux.<\/p>\n\n\n\n<p>Dans le but de nuire ou de tenter de nuire.<\/p>\n\n\n\n<p>Pour envoyer, recevoir sciemment, t\u00e9l\u00e9charger, utiliser ou r\u00e9utiliser tout mat\u00e9riel qui ne respecte pas nos normes de contenu \u00e9nonc\u00e9es ci-dessous.<\/p>\n\n\n\n<p>Pour transmettre ou faire envoyer tout mat\u00e9riel non sollicit\u00e9 ou non autoris\u00e9 ou toute autre forme de sollicitation similaire (spam).<\/p>\n\n\n\n<p>Pour transmettre sciemment des donn\u00e9es, envoyer ou t\u00e9l\u00e9charger du mat\u00e9riel contenant des virus, des chevaux de Troie, des vers, des bombes \u00e0 retardement, des enregistreurs de frappe, des logiciels espions, des logiciels publicitaires ou tout autre programme nuisible ou code informatique similaire con\u00e7u pour nuire au fonctionnement d\u2019un logiciel ou d\u2019un mat\u00e9riel informatique.<\/p>\n\n\n\n<p>Vous convenez \u00e9galement :<\/p>\n\n\n\n<p>\u00c0 l\u2019exception de ce qui est pr\u00e9vu dans la pr\u00e9sente politique, de ne pas reproduire, dupliquer, copier ou revendre toute partie de notre site en contravention avec les dispositions de la pr\u00e9sente politique.<\/p>\n\n\n\n<p>De ne pas consulter sans autorisation, interf\u00e9rer, endommager ou perturber :<\/p>\n\n\n\n<p>toute partie de notre site,<\/p>\n\n\n\n<p>tout \u00e9quipement ou r\u00e9seau sur lequel notre site est stock\u00e9,<\/p>\n\n\n\n<p>tout logiciel utilis\u00e9 dans la fourniture de notre site ou<\/p>\n\n\n\n<p>tout \u00e9quipement, r\u00e9seau ou logiciel appartenant \u00e0 un tiers ou utilis\u00e9 par un tiers.<\/p>\n\n\n\n<p><a href=\"#back-to-top\">Retour au sommet<\/a><\/p>\n\n\n\n<h2 class=\"wp-block-heading\">Suspension et r\u00e9siliation<\/h2>\n\n\n\n<p>Si, \u00e0 notre enti\u00e8re discr\u00e9tion, vous utilisez notre site de mani\u00e8re inappropri\u00e9e, nous pouvons prendre les mesures que nous jugeons appropri\u00e9es, y compris le retrait de votre droit d\u2019utiliser notre site et, le cas \u00e9ch\u00e9ant, des poursuites judiciaires.<\/p>\n\n\n\n<p>Nous excluons toute responsabilit\u00e9 au regard des mesures prises en r\u00e9ponse \u00e0 une utilisation inappropri\u00e9e du site et \u00e0 toute violation de la pr\u00e9sente politique. Les r\u00e9ponses d\u00e9crites dans la pr\u00e9sente politique ne sont pas limit\u00e9es et nous pouvons prendre toute autre mesure que nous jugeons raisonnablement appropri\u00e9e.<\/p>\n\n\n\n<p><a href=\"#back-to-top\">Retour au sommet<\/a><\/p>\n\n\n\n<h2 class=\"wp-block-heading\">Accessibilit\u00e9<\/h2>\n\n\n\n<p>Nous nous sommes engag\u00e9s \u00e0 rendre ce site accessible \u00e0 tous et avons inclus des fonctions d\u2019aide \u00e0 l\u2019accessibilit\u00e9. Nous nous effor\u00e7ons de respecter les normes techniques d\u00e9finies par le Consortium World Wide Web dans ses R\u00e8gles pour l\u2019accessibilit\u00e9 des contenus Web (WCAG) 2.0. afin de rendre ce site accessible.<\/p>\n\n\n\n<p><a href=\"#back-to-top\">Retour au sommet<\/a><\/p>\n\n\n\n<h2 class=\"wp-block-heading\">Droit applicable<\/h2>\n\n\n\n<p>Veuillez noter que la pr\u00e9sente politique, son objet et sa formation sont r\u00e9gis par le droit anglais. Vous acceptez et nous acceptons que les tribunaux d\u2019Angleterre et du pays de Galles aient comp\u00e9tence exclusive.<\/p>\n\n\n\n<p><a href=\"#back-to-top\">Retour au sommet<\/a><\/p>\n\n\n\n<h2 class=\"wp-block-heading\">Nous contacter<\/h2>\n\n\n\n<p>Pour nous contacter, veuillez utiliser les coordonn\u00e9es ci-dessous :<\/p>\n\n\n\n<p>Interlocutrice : Zo\u00eb Tunstall<\/p>\n\n\n\n<p>Adresse postale : Lambeth Palace, Lambeth Palace Road, Londres, SE1 7JU, Royaume-Uni.<\/p>\n\n\n\n<p>Adresse \u00e9lectronique : <a href=\"mailto:hello@rln.global\">hello@rln.global<\/a><\/p>\n\n\n\n<p><a href=\"#back-to-top\">Retour au sommet<\/a><\/p>\n","protected":false},"excerpt":{"rendered":"<p>Les pr\u00e9sentes conditions d\u2019utilisation du site web et la politique d\u2019utilisation acceptable (ainsi que les documents auxquels elles font r\u00e9f\u00e9rence) vous indiquent les utilisations autoris\u00e9es et les utilisations interdites, ainsi que les conditions g\u00e9n\u00e9rales d\u2019utilisation du site web de \u00ab Reconciling Leaders Network \u00bb (\u00ab notre site \u00bb). L\u2019utilisation de notre site comprend l\u2019acc\u00e8s, la [&hellip;]<\/p>\n","protected":false},"author":4595,"featured_media":0,"parent":0,"menu_order":0,"comment_status":"closed","ping_status":"closed","template":"page-basic.php","meta":{"_acf_changed":false,"footnotes":""},"class_list":["post-34223","page","type-page","status-publish","hentry"],"acf":[],"yoast_head":"<!-- This site is optimized with the Yoast SEO plugin v26.9 - https:\/\/yoast.com\/product\/yoast-seo-wordpress\/ -->\n<title>Conditions d\u2019utilisation - Difference: Make your faith count in a complex and divided world<\/title>\n<meta name=\"robots\" content=\"noindex, follow, max-snippet:-1, max-image-preview:large, max-video-preview:-1\" \/>\n<meta property=\"og:locale\" content=\"fr_FR\" \/>\n<meta property=\"og:type\" content=\"article\" \/>\n<meta property=\"og:title\" content=\"Conditions d\u2019utilisation - Difference: Make your faith count in a complex and divided world\" \/>\n<meta property=\"og:description\" content=\"Les pr\u00e9sentes conditions d\u2019utilisation du site web et la politique d\u2019utilisation acceptable (ainsi que les documents auxquels elles font r\u00e9f\u00e9rence) vous indiquent les utilisations autoris\u00e9es et les utilisations interdites, ainsi que les conditions g\u00e9n\u00e9rales d\u2019utilisation du site web de \u00ab Reconciling Leaders Network \u00bb (\u00ab notre site \u00bb). L\u2019utilisation de notre site comprend l\u2019acc\u00e8s, la [&hellip;]\" \/>\n<meta property=\"og:url\" content=\"https:\/\/difference.goodbear.co.uk\/fr\/conditions-dutilisation\/\" \/>\n<meta property=\"og:site_name\" content=\"Difference: Make your faith count in a complex and divided world\" \/>\n<meta property=\"article:modified_time\" content=\"2024-07-11T14:08:31+00:00\" \/>\n<meta name=\"twitter:card\" content=\"summary_large_image\" \/>\n<meta name=\"twitter:label1\" content=\"Est. reading time\" \/>\n\t<meta name=\"twitter:data1\" content=\"10 minutes\" \/>\n<script type=\"application\/ld+json\" class=\"yoast-schema-graph\">{\"@context\":\"https:\/\/schema.org\",\"@graph\":[{\"@type\":\"WebPage\",\"@id\":\"https:\/\/difference.goodbear.co.uk\/fr\/conditions-dutilisation\/\",\"url\":\"https:\/\/difference.goodbear.co.uk\/fr\/conditions-dutilisation\/\",\"name\":\"Conditions d\u2019utilisation - Difference: Make your faith count in a complex and divided world\",\"isPartOf\":{\"@id\":\"https:\/\/difference.goodbear.co.uk\/#website\"},\"datePublished\":\"2024-07-11T14:08:29+00:00\",\"dateModified\":\"2024-07-11T14:08:31+00:00\",\"breadcrumb\":{\"@id\":\"https:\/\/difference.goodbear.co.uk\/fr\/conditions-dutilisation\/#breadcrumb\"},\"inLanguage\":\"fr-FR\",\"potentialAction\":[{\"@type\":\"ReadAction\",\"target\":[\"https:\/\/difference.goodbear.co.uk\/fr\/conditions-dutilisation\/\"]}]},{\"@type\":\"BreadcrumbList\",\"@id\":\"https:\/\/difference.goodbear.co.uk\/fr\/conditions-dutilisation\/#breadcrumb\",\"itemListElement\":[{\"@type\":\"ListItem\",\"position\":1,\"name\":\"Home\",\"item\":\"https:\/\/difference.goodbear.co.uk\/fr\/\"},{\"@type\":\"ListItem\",\"position\":2,\"name\":\"Conditions d\u2019utilisation\"}]},{\"@type\":\"WebSite\",\"@id\":\"https:\/\/difference.goodbear.co.uk\/#website\",\"url\":\"https:\/\/difference.goodbear.co.uk\/\",\"name\":\"Difference: Make your faith count in a complex and divided world\",\"description\":\"Difference is a 5 session course that explores what it means to follow Jesus in the face of conflict and see transformation through everyday encounters.\",\"potentialAction\":[{\"@type\":\"SearchAction\",\"target\":{\"@type\":\"EntryPoint\",\"urlTemplate\":\"https:\/\/difference.goodbear.co.uk\/?s={search_term_string}\"},\"query-input\":{\"@type\":\"PropertyValueSpecification\",\"valueRequired\":true,\"valueName\":\"search_term_string\"}}],\"inLanguage\":\"fr-FR\"}]}<\/script>\n<!-- \/ Yoast SEO plugin. -->","yoast_head_json":{"title":"Conditions d\u2019utilisation - Difference: Make your faith count in a complex and divided world","robots":{"index":"noindex","follow":"follow","max-snippet":"max-snippet:-1","max-image-preview":"max-image-preview:large","max-video-preview":"max-video-preview:-1"},"og_locale":"fr_FR","og_type":"article","og_title":"Conditions d\u2019utilisation - Difference: Make your faith count in a complex and divided world","og_description":"Les pr\u00e9sentes conditions d\u2019utilisation du site web et la politique d\u2019utilisation acceptable (ainsi que les documents auxquels elles font r\u00e9f\u00e9rence) vous indiquent les utilisations autoris\u00e9es et les utilisations interdites, ainsi que les conditions g\u00e9n\u00e9rales d\u2019utilisation du site web de \u00ab Reconciling Leaders Network \u00bb (\u00ab notre site \u00bb). L\u2019utilisation de notre site comprend l\u2019acc\u00e8s, la [&hellip;]","og_url":"https:\/\/difference.goodbear.co.uk\/fr\/conditions-dutilisation\/","og_site_name":"Difference: Make your faith count in a complex and divided world","article_modified_time":"2024-07-11T14:08:31+00:00","twitter_card":"summary_large_image","twitter_misc":{"Est. reading time":"10 minutes"},"schema":{"@context":"https:\/\/schema.org","@graph":[{"@type":"WebPage","@id":"https:\/\/difference.goodbear.co.uk\/fr\/conditions-dutilisation\/","url":"https:\/\/difference.goodbear.co.uk\/fr\/conditions-dutilisation\/","name":"Conditions d\u2019utilisation - Difference: Make your faith count in a complex and divided world","isPartOf":{"@id":"https:\/\/difference.goodbear.co.uk\/#website"},"datePublished":"2024-07-11T14:08:29+00:00","dateModified":"2024-07-11T14:08:31+00:00","breadcrumb":{"@id":"https:\/\/difference.goodbear.co.uk\/fr\/conditions-dutilisation\/#breadcrumb"},"inLanguage":"fr-FR","potentialAction":[{"@type":"ReadAction","target":["https:\/\/difference.goodbear.co.uk\/fr\/conditions-dutilisation\/"]}]},{"@type":"BreadcrumbList","@id":"https:\/\/difference.goodbear.co.uk\/fr\/conditions-dutilisation\/#breadcrumb","itemListElement":[{"@type":"ListItem","position":1,"name":"Home","item":"https:\/\/difference.goodbear.co.uk\/fr\/"},{"@type":"ListItem","position":2,"name":"Conditions d\u2019utilisation"}]},{"@type":"WebSite","@id":"https:\/\/difference.goodbear.co.uk\/#website","url":"https:\/\/difference.goodbear.co.uk\/","name":"Difference: Make your faith count in a complex and divided world","description":"Difference is a 5 session course that explores what it means to follow Jesus in the face of conflict and see transformation through everyday encounters.","potentialAction":[{"@type":"SearchAction","target":{"@type":"EntryPoint","urlTemplate":"https:\/\/difference.goodbear.co.uk\/?s={search_term_string}"},"query-input":{"@type":"PropertyValueSpecification","valueRequired":true,"valueName":"search_term_string"}}],"inLanguage":"fr-FR"}]}},"_links":{"self":[{"href":"https:\/\/difference.goodbear.co.uk\/fr\/wp-json\/wp\/v2\/pages\/34223","targetHints":{"allow":["GET"]}}],"collection":[{"href":"https:\/\/difference.goodbear.co.uk\/fr\/wp-json\/wp\/v2\/pages"}],"about":[{"href":"https:\/\/difference.goodbear.co.uk\/fr\/wp-json\/wp\/v2\/types\/page"}],"author":[{"embeddable":true,"href":"https:\/\/difference.goodbear.co.uk\/fr\/wp-json\/wp\/v2\/users\/4595"}],"replies":[{"embeddable":true,"href":"https:\/\/difference.goodbear.co.uk\/fr\/wp-json\/wp\/v2\/comments?post=34223"}],"version-history":[{"count":1,"href":"https:\/\/difference.goodbear.co.uk\/fr\/wp-json\/wp\/v2\/pages\/34223\/revisions"}],"predecessor-version":[{"id":34224,"href":"https:\/\/difference.goodbear.co.uk\/fr\/wp-json\/wp\/v2\/pages\/34223\/revisions\/34224"}],"wp:attachment":[{"href":"https:\/\/difference.goodbear.co.uk\/fr\/wp-json\/wp\/v2\/media?parent=34223"}],"curies":[{"name":"wp","href":"https:\/\/api.w.org\/{rel}","templated":true}]}}