{"id":34218,"date":"2021-07-27T13:19:22","date_gmt":"2021-07-27T13:19:22","guid":{"rendered":"https:\/\/difference.goodbear.co.uk\/terms-of-use\/"},"modified":"2024-07-11T13:56:45","modified_gmt":"2024-07-11T13:56:45","slug":"terms-of-use","status":"publish","type":"page","link":"https:\/\/difference.goodbear.co.uk\/es\/terms-of-use\/","title":{"rendered":"T\u00e9rminos de uso"},"content":{"rendered":"\n<p>Estos t\u00e9rminos de uso del sitio web y la pol\u00edtica de uso aceptable (junto con los documentos a los que se hace referencia en \u00e9l) indican cu\u00e1les son los usos permitidos y los usos prohibidos y los t\u00e9rminos generales de uso en los que puedes hacer uso del sitio web de la Red de L\u00edderes de Reconciliaci\u00f3n (\u201cnuestro sitio\u201d).<\/p>\n\n\n\n<p><\/p>\n\n\n\n<p>El uso de nuestro sitio incluye acceder, navegar o registrarse para usar nuestro sitio. Aseg\u00farate de haber le\u00eddo y entendido esta pol\u00edtica. Si no est\u00e1s de acuerdo con esta pol\u00edtica, no debes usar nuestro sitio.<\/p>\n\n\n\n<p><\/p>\n\n\n\n<h2 class=\"wp-block-heading\">Informaci\u00f3n sobre nosotros<\/h2>\n\n\n\n<p><br>Nuestro sitio es operado por la \u2018Red de L\u00edderes de Reconciliaci\u00f3n\u201d, que est\u00e1 establecida como organizaci\u00f3n de beneficencia con el n\u00famero 1176374. Estamos ubicados en Lambeth Palace, Lambeth Palace Road, Londres, SE1, Reino Unido.<br>Estamos registrados con el Comisionado de Informaci\u00f3n con el n\u00famero ZA522948.<br><a href=\"#back-to-top\">Volver al principio<\/a><\/p>\n\n\n\n<h2 class=\"wp-block-heading\"><br>Otros t\u00e9rminos aplicables<\/h2>\n\n\n\n<p><br>Nuestra\u00a0pol\u00edtica de privacidad y cookies\u00a0tambi\u00e9n se aplica a tu uso de nuestro sitio y establece los t\u00e9rminos en los que procesamos cualquier dato personal que recopilamos sobre ti, o que t\u00fa nos proporciones, con detalles sobre las cookies que se utilizan en nuestro sitio.<br>Al utilizar nuestro sitio, das tu consentimiento para el procesamiento de tus datos personales y confirmas que todos los datos que nos facilitas son exactos y, cuando sea necesario, se modificar\u00e1n y mantendr\u00e1n actualizados. Adem\u00e1s, confirmas, cuando has proporcionado datos personales de terceros, que tienes su consentimiento y que del mismo modo te asegurar\u00e1s de que los datos personales que has proporcionado sean correctos y est\u00e9n actualizados.<br><a href=\"#back-to-top\">Volver al principio<\/a><\/p>\n\n\n\n<h2 class=\"wp-block-heading\"><a href=\"#back-to-top\"><br><\/a>Cambios en estos t\u00e9rminos<\/h2>\n\n\n\n<p><br>Podemos revisar estos t\u00e9rminos de uso en cualquier momento modificando esta p\u00e1gina. Consulta esta p\u00e1gina de vez en cuando para tomar nota de cualquier cambio que realicemos, ya que son vinculantes para ti.<br><a href=\"#back-to-top\">Volver al principio<\/a><\/p>\n\n\n\n<h2 class=\"wp-block-heading\"><br>Cambios en nuestro sitio<\/h2>\n\n\n\n<p><br>Podemos actualizar nuestro sitio de vez en cuando y podemos cambiar el contenido en cualquier momento. Sin embargo, ten en cuenta que cualquier contenido de nuestro sitio puede estar desactualizado en un momento dado, y no tenemos ninguna obligaci\u00f3n de actualizarlo. No garantizamos que nuestro sitio, o cualquier contenido en \u00e9l, est\u00e9 libre de errores u omisiones.<br><a href=\"#back-to-top\">Volver al principio<\/a><\/p>\n\n\n\n<h2 class=\"wp-block-heading\"><br>Acceder a nuestro sitio<\/h2>\n\n\n\n<p><br>Se hacen todos los esfuerzos para mantener este sitio y cualquier soporte asociado funcionando sin problemas. Sin embargo, no garantizamos que nuestro sitio, o cualquier contenido, est\u00e9 siempre disponible, sin interrupciones o que el soporte est\u00e9 disponible. El acceso a nuestro sitio se permite de forma temporal. Podemos suspender, retirar, interrumpir o cambiar todo o parte de nuestro sitio sin previo aviso. No seremos responsables si, por cualquier motivo, nuestro sitio no est\u00e1 disponible en cualquier momento o durante cualquier per\u00edodo.<br>T\u00fa eres responsable de hacer todos los arreglos necesarios para tener acceso a nuestro sitio.<br>Tambi\u00e9n eres responsable de garantizar que todas las personas que accedan a nuestro sitio a trav\u00e9s de tu conexi\u00f3n a Internet conozcan estos t\u00e9rminos de uso y otros t\u00e9rminos y condiciones aplicables, y que los cumplan.<br><a href=\"#back-to-top\">Volver al principio<\/a><\/p>\n\n\n\n<h2 class=\"wp-block-heading\"><br>Tu cuenta y contrase\u00f1a<\/h2>\n\n\n\n<p><br>Cuando establezcas tu propia contrase\u00f1a de usuario como parte de los procedimientos de seguridad de la cuenta, debes tratar dicha informaci\u00f3n como confidencial. No debes divulgarla a terceros. Tenemos el derecho de deshabilitar cualquier cuenta de usuario en cualquier momento.<br>Si sabes o sospechas que otra persona conoce tu contrase\u00f1a de usuario, aseg\u00farate de cambiarla de inmediato.<br><a href=\"#back-to-top\">Volver al principio<\/a><\/p>\n\n\n\n<h2 class=\"wp-block-heading\"><br>Derechos de propiedad intelectua<\/h2>\n\n\n\n<p><br>Aparte de cuando ingresaste informaci\u00f3n en nuestro sitio y creaste cualquier derecho (en cuyo caso los derechos seguir\u00e1n siendo tuyos o del propietario), nosotros somos propietarios o titulares de la licencia de todos los derechos de propiedad intelectual en nuestro sitio y del material publicado en \u00e9l. Esas obras est\u00e1n protegidas por leyes y tratados de derechos de autor en todo el mundo. Todos estos derechos est\u00e1n reservados.<br>Ten en cuenta que parte del contenido de este sitio puede ser propiedad de terceros reproducidos con permiso, consentimiento, bajo licencia o dentro de los actos permitidos por la Ley de Derechos de Autor, Dise\u00f1os y Patentes de 1988.<br>Cualquier tercero que considere que alguna parte de este sitio infringe cualquiera de sus derechos debe ponerse en contacto con nosotros de inmediato.<br><a href=\"#back-to-top\">Volver al principio<\/a><\/p>\n\n\n\n<h2 class=\"wp-block-heading\"><br>Informaci\u00f3n que proporcionamos y no dependencia de la informaci\u00f3n<\/h2>\n\n\n\n<p><br>La informaci\u00f3n que proporcionamos puede incluir, pero no se limita a, detalles del curso, materiales del curso, tutoriales, recorridos, atenci\u00f3n al usuario, informaci\u00f3n clave, extractos (incluyendo, entre otros, lecturas, poemas, canciones y otra literatura tanto de naturaleza secular como cristiana) alertas, anuncios, art\u00edculos de noticias y otra informaci\u00f3n general, y pueden estar en cualquier formato. El formato incluye, pero no se limita a texto, im\u00e1genes, fotograf\u00edas, audio, video y puede entregarse por m\u00faltiples medios, incluidos, entre otros, un sitio web asociado, cara a cara, tel\u00e9fono o correo electr\u00f3nico.<br>Aunque hacemos esfuerzos razonables para actualizar la informaci\u00f3n en nuestro sitio, no ofrecemos declaraciones, garant\u00edas ni promesas, ya sean expresas o impl\u00edcitas, de que el contenido de nuestro sitio sea exacto, completo o est\u00e9 actualizado.<br><a href=\"#back-to-top\">Volver al principio<\/a><\/p>\n\n\n\n<h2 class=\"wp-block-heading\"><br>Informaci\u00f3n aportada por el usuario<\/h2>\n\n\n\n<p><br>La informaci\u00f3n que contribuyes debe estar actualizada y correcta en el momento de la contribuci\u00f3n y debes mantenerla actualizada y correcta. Toda la informaci\u00f3n personal se tratar\u00e1 de acuerdo con nuestra Pol\u00edtica de privacidad y cookies.<br>Cuando aportas informaci\u00f3n en cualquier parte de nuestro sitio, debes cumplir con las disposiciones establecidas en estos t\u00e9rminos y condiciones.<br><a href=\"#back-to-top\">Volver al principio<\/a><\/p>\n\n\n\n<h2 class=\"wp-block-heading\"><br>Limitaci\u00f3n de nuestra responsabilidad<\/h2>\n\n\n\n<p><br>Nada de estos t\u00e9rminos de uso excluye o limita nuestra responsabilidad por muerte o lesiones personales que surjan de nuestra negligencia, o nuestro fraude o tergiversaci\u00f3n fraudulenta, o cualquier otra responsabilidad que no pueda excluirse o limitarse seg\u00fan la legislaci\u00f3n inglesa.<br>En la medida permitida por la ley, excluimos todas las condiciones, garant\u00edas, declaraciones u otros t\u00e9rminos que puedan aplicarse a nuestro sitio o cualquier contenido en \u00e9l, ya sean expresas o impl\u00edcitas.<br>No seremos responsables ante ning\u00fan usuario por cualquier p\u00e9rdida o da\u00f1o, ya sea por contrato, agravio (incluida la negligencia), incumplimiento de las obligaciones legales o de otro tipo, incluso si es previsible, que surjan en relaci\u00f3n con:<br>el uso o la imposibilidad de usar nuestro sitio; o.<br>uso o confianza en cualquier contenido que se muestre en nuestro sitio.<br>No seremos responsables de ninguna p\u00e9rdida o da\u00f1o causado por un virus, un ataque distribuido de denegaci\u00f3n de servicio, u otro material tecnol\u00f3gicamente da\u00f1ino que pueda infectar tu equipo inform\u00e1tico, programas inform\u00e1ticos, datos u otro material propietario debido al uso de nuestro sitio o a la descarga de cualquier contenido de ellos, o de cualquier sitio web vinculado a ellos.<br>No asumimos ninguna responsabilidad por el contenido de los sitios web vinculados a nuestro sitio. Dichos enlaces no deben interpretarse como una aprobaci\u00f3n por nuestra parte de esos sitios web vinculados. No seremos responsables de ninguna p\u00e9rdida o da\u00f1o que pueda derivarse del uso que hagas de ellos.<br><a href=\"#back-to-top\">Volver al principio<\/a><\/p>\n\n\n\n<p><\/p>\n\n\n\n<h2 class=\"wp-block-heading\">Virus<\/h2>\n\n\n\n<p><br>No garantizamos que nuestro sitio sea seguro o est\u00e9 libre de errores o virus.<br>T\u00fa eres responsable de configurar tu tecnolog\u00eda de la informaci\u00f3n, programas de computadora y plataforma para acceder a nuestro sitio. Debes usar tu propio software antivirus.<br>No debes hacer un mal uso de nuestro sitio introduciendo intencionadamente virus, troyanos, gusanos, bombas l\u00f3gicas u otro material que sea malicioso o tecnol\u00f3gicamente da\u00f1ino. No debes intentar obtener acceso no autorizado a nuestro sitio, el servidor en el que se almacena nuestro sitio o cualquier servidor, computadora o base de datos conectados a nuestro sitio. No debes atacar nuestro sitio a trav\u00e9s de un ataque de denegaci\u00f3n de servicio o un ataque de denegaci\u00f3n de servicio distribuido. Informaremos de cualquier incumplimiento a las autoridades policiales pertinentes y cooperaremos con esas autoridades revel\u00e1ndoles tu identidad. En caso de incumplimiento de este tipo, tu derecho a utilizar nuestro sitio cesar\u00e1 inmediatamente.<br><a href=\"#back-to-top\">Volver al principio<\/a><\/p>\n\n\n\n<h2 class=\"wp-block-heading\"><br>Enlace a nuestro sitio<\/h2>\n\n\n\n<p><br>Puedes enlazar a nuestro sitio web, siempre que lo hagas de una manera que sea justa y legal y que no da\u00f1e nuestra reputaci\u00f3n ni se aproveche de ella. No debes establecer un enlace de tal manera que sugiera alguna forma de asociaci\u00f3n, aprobaci\u00f3n o respaldo por nuestra parte cuando no exista. No debes establecer un enlace a nuestro sitio desde ning\u00fan sitio web desde el que no tengas permiso para enlazar. Nos reservamos el derecho de retirar el permiso de enlace sin previo aviso.<br><a href=\"#back-to-top\">Volver al principio<\/a><\/p>\n\n\n\n<h2 class=\"wp-block-heading\"><br>Enlaces y recursos de terceros en nuestro sitio<\/h2>\n\n\n\n<p><br>Cuando nuestro sitio contiene enlaces a otros sitios y recursos proporcionados por terceros, estos enlaces se proporcionan \u00fanicamente para tu informaci\u00f3n.<br>No tenemos control sobre el contenido de esos sitios o recursos. La inclusi\u00f3n de enlaces a otros sitios web no implica una recomendaci\u00f3n o respaldo de las opiniones expresadas en esos sitios web. Si sigues dichos enlaces, lo haces bajo tu propio riesgo.<br><a href=\"#back-to-top\">Volver al principio<\/a><\/p>\n\n\n\n<h2 class=\"wp-block-heading\"><br>Contacto contigo sobre cambios en el sitio web<\/h2>\n\n\n\n<p><br>Si te registras para obtener una cuenta de usuario en nuestro sitio web, podemos comunicarnos contigo de vez en cuando sobre detalles que consideramos importantes en relaci\u00f3n con cambios, actualizaciones o mejoras en el sitio web.<br><a href=\"#back-to-top\">Volver al principio<\/a><\/p>\n\n\n\n<h2 class=\"wp-block-heading\"><br>Usos prohibidos<\/h2>\n\n\n\n<p><br>Solo puedes utilizar nuestro sitio con fines legales. No puedes usar nuestro sitio:<br>De ninguna manera que infrinja cualquier ley o regulaci\u00f3n local, nacional o internacional aplicable.<br>De ninguna manera que sea ilegal o fraudulenta o que tenga alg\u00fan prop\u00f3sito o efecto ilegal o fraudulento.<br>Con el prop\u00f3sito de da\u00f1ar o intentar causar da\u00f1o;<br>Para enviar, recibir a sabiendas, cargar, descargar, utilizar o reutilizar cualquier material que no cumpla con nuestros est\u00e1ndares de contenido que se establecen a continuaci\u00f3n.<br>Para transmitir o procurar el env\u00edo de cualquier material no solicitado o no autorizado o cualquier otra forma de solicitud similar (spam).<br>Para transmitir a sabiendas datos, enviar o cargar cualquier material que contenga virus, troyanos, gusanos, bombas de tiempo, registradores de pulsaciones de teclas, spyware, adware o cualquier otro programa da\u00f1ino o c\u00f3digo inform\u00e1tico similar dise\u00f1ado para afectar negativamente el funcionamiento de cualquier software o hardware inform\u00e1tico.<br>Tambi\u00e9n aceptas:<br>Aparte de lo establecido en esta pol\u00edtica, no reproducir, duplicar, copiar o revender ninguna parte de nuestro sitio web en contravenci\u00f3n de las disposiciones de esta pol\u00edtica.<br>No acceder sin autoridad, interferir, da\u00f1ar o interrumpir:<br>cualquier parte de nuestro sitio;<br>cualquier equipo o red en la que se almacena nuestro sitio;<br>cualquier software utilizado en la provisi\u00f3n de nuestro sitio; o.<br>cualquier equipo, red o software propiedad o utilizado por terceros.<br><a href=\"#back-to-top\">Volver al principio<\/a><\/p>\n\n\n\n<h2 class=\"wp-block-heading\"><br>Suspensi\u00f3n y terminaci\u00f3n<\/h2>\n\n\n\n<p><br>Si, a nuestra absoluta discreci\u00f3n, hay alg\u00fan uso inapropiado de nuestro sitio por parte tuya, podemos tomar las medidas que consideremos apropiadas, incluido retirarte el derecho a usar nuestro sitio y, en su caso, los procedimientos legales.<br>Excluimos la responsabilidad por las acciones tomadas en respuesta al uso inapropiado del sitio y cualquier incumplimiento de esta pol\u00edtica. Las respuestas descritas en esta pol\u00edtica no est\u00e1n limitadas y podemos tomar cualquier otra acci\u00f3n que consideremos razonablemente apropiada.<br><a href=\"#back-to-top\">Volver al principio<\/a><\/p>\n\n\n\n<h2 class=\"wp-block-heading\"><br>Accesibilidad<\/h2>\n\n\n\n<p><br>Estamos comprometidos a hacer que este sitio sea accesible para todos y hemos incluido funciones para ayudar con la accesibilidad. Nuestro objetivo es cumplir con los est\u00e1ndares t\u00e9cnicos establecidos por el World Wide Web Consortium en sus Pautas de accesibilidad al contenido web (WCAG) 2,0. para hacer que este sitio sea accesible.<br><a href=\"#back-to-top\">Volver al principio<\/a><\/p>\n\n\n\n<h2 class=\"wp-block-heading\"><br>Ley aplicable<\/h2>\n\n\n\n<p><\/p>\n\n\n\n<p>Ten en cuenta que esta pol\u00edtica, su contenido y su formaci\u00f3n, se rigen por la ley inglesa. T\u00fa y nosotros aceptamos que los tribunales de Inglaterra y Gales tendr\u00e1n jurisdicci\u00f3n exclusiva.<br>Volver al principio<\/p>\n\n\n\n<h2 class=\"wp-block-heading\"><br>Cont\u00e1ctanos<\/h2>\n\n\n\n<p><br>Para contactarnos, usa los detalles a continuaci\u00f3n:<br>Nombre del contacto: Zo\u00eb Tunstall<br>Direcci\u00f3n postal: Lambeth Palace, Lambeth Palace Road, London, SE1 7JU, UK.<br>Direcci\u00f3n de correo electr\u00f3nico: <a href=\"mailto:hello@rln.global\">hello@rln.global<\/a><br>Volver al principio<\/p>\n","protected":false},"excerpt":{"rendered":"<p>Estos t\u00e9rminos de uso del sitio web y la pol\u00edtica de uso aceptable (junto con los documentos a los que se hace referencia en \u00e9l) indican cu\u00e1les son los usos permitidos y los usos prohibidos y los t\u00e9rminos generales de uso en los que puedes hacer uso del sitio web de la Red de L\u00edderes [&hellip;]<\/p>\n","protected":false},"author":4595,"featured_media":0,"parent":0,"menu_order":0,"comment_status":"closed","ping_status":"closed","template":"page-basic.php","meta":{"_acf_changed":false,"footnotes":""},"class_list":["post-34218","page","type-page","status-publish","hentry"],"acf":[],"yoast_head":"<!-- This site is optimized with the Yoast SEO plugin v26.9 - https:\/\/yoast.com\/product\/yoast-seo-wordpress\/ -->\n<title>T\u00e9rminos de uso - Difference: Make your faith count in a complex and divided world<\/title>\n<meta name=\"robots\" content=\"noindex, follow, max-snippet:-1, max-image-preview:large, max-video-preview:-1\" \/>\n<meta property=\"og:locale\" content=\"es_ES\" \/>\n<meta property=\"og:type\" content=\"article\" \/>\n<meta property=\"og:title\" content=\"T\u00e9rminos de uso - Difference: Make your faith count in a complex and divided world\" \/>\n<meta property=\"og:description\" content=\"Estos t\u00e9rminos de uso del sitio web y la pol\u00edtica de uso aceptable (junto con los documentos a los que se hace referencia en \u00e9l) indican cu\u00e1les son los usos permitidos y los usos prohibidos y los t\u00e9rminos generales de uso en los que puedes hacer uso del sitio web de la Red de L\u00edderes [&hellip;]\" \/>\n<meta property=\"og:url\" content=\"https:\/\/difference.goodbear.co.uk\/es\/terms-of-use\/\" \/>\n<meta property=\"og:site_name\" content=\"Difference: Make your faith count in a complex and divided world\" \/>\n<meta property=\"article:modified_time\" content=\"2024-07-11T13:56:45+00:00\" \/>\n<meta name=\"twitter:card\" content=\"summary_large_image\" \/>\n<meta name=\"twitter:label1\" content=\"Est. reading time\" \/>\n\t<meta name=\"twitter:data1\" content=\"9 minutes\" \/>\n<script type=\"application\/ld+json\" class=\"yoast-schema-graph\">{\"@context\":\"https:\/\/schema.org\",\"@graph\":[{\"@type\":\"WebPage\",\"@id\":\"https:\/\/difference.goodbear.co.uk\/es\/terms-of-use\/\",\"url\":\"https:\/\/difference.goodbear.co.uk\/es\/terms-of-use\/\",\"name\":\"T\u00e9rminos de uso - Difference: Make your faith count in a complex and divided world\",\"isPartOf\":{\"@id\":\"https:\/\/difference.goodbear.co.uk\/#website\"},\"datePublished\":\"2021-07-27T13:19:22+00:00\",\"dateModified\":\"2024-07-11T13:56:45+00:00\",\"breadcrumb\":{\"@id\":\"https:\/\/difference.goodbear.co.uk\/es\/terms-of-use\/#breadcrumb\"},\"inLanguage\":\"es-ES\",\"potentialAction\":[{\"@type\":\"ReadAction\",\"target\":[\"https:\/\/difference.goodbear.co.uk\/es\/terms-of-use\/\"]}]},{\"@type\":\"BreadcrumbList\",\"@id\":\"https:\/\/difference.goodbear.co.uk\/es\/terms-of-use\/#breadcrumb\",\"itemListElement\":[{\"@type\":\"ListItem\",\"position\":1,\"name\":\"Home\",\"item\":\"https:\/\/difference.goodbear.co.uk\/es\/\"},{\"@type\":\"ListItem\",\"position\":2,\"name\":\"T\u00e9rminos de uso\"}]},{\"@type\":\"WebSite\",\"@id\":\"https:\/\/difference.goodbear.co.uk\/#website\",\"url\":\"https:\/\/difference.goodbear.co.uk\/\",\"name\":\"Difference: Make your faith count in a complex and divided world\",\"description\":\"Difference is a 5 session course that explores what it means to follow Jesus in the face of conflict and see transformation through everyday encounters.\",\"potentialAction\":[{\"@type\":\"SearchAction\",\"target\":{\"@type\":\"EntryPoint\",\"urlTemplate\":\"https:\/\/difference.goodbear.co.uk\/?s={search_term_string}\"},\"query-input\":{\"@type\":\"PropertyValueSpecification\",\"valueRequired\":true,\"valueName\":\"search_term_string\"}}],\"inLanguage\":\"es-ES\"}]}<\/script>\n<!-- \/ Yoast SEO plugin. -->","yoast_head_json":{"title":"T\u00e9rminos de uso - Difference: Make your faith count in a complex and divided world","robots":{"index":"noindex","follow":"follow","max-snippet":"max-snippet:-1","max-image-preview":"max-image-preview:large","max-video-preview":"max-video-preview:-1"},"og_locale":"es_ES","og_type":"article","og_title":"T\u00e9rminos de uso - Difference: Make your faith count in a complex and divided world","og_description":"Estos t\u00e9rminos de uso del sitio web y la pol\u00edtica de uso aceptable (junto con los documentos a los que se hace referencia en \u00e9l) indican cu\u00e1les son los usos permitidos y los usos prohibidos y los t\u00e9rminos generales de uso en los que puedes hacer uso del sitio web de la Red de L\u00edderes [&hellip;]","og_url":"https:\/\/difference.goodbear.co.uk\/es\/terms-of-use\/","og_site_name":"Difference: Make your faith count in a complex and divided world","article_modified_time":"2024-07-11T13:56:45+00:00","twitter_card":"summary_large_image","twitter_misc":{"Est. reading time":"9 minutes"},"schema":{"@context":"https:\/\/schema.org","@graph":[{"@type":"WebPage","@id":"https:\/\/difference.goodbear.co.uk\/es\/terms-of-use\/","url":"https:\/\/difference.goodbear.co.uk\/es\/terms-of-use\/","name":"T\u00e9rminos de uso - Difference: Make your faith count in a complex and divided world","isPartOf":{"@id":"https:\/\/difference.goodbear.co.uk\/#website"},"datePublished":"2021-07-27T13:19:22+00:00","dateModified":"2024-07-11T13:56:45+00:00","breadcrumb":{"@id":"https:\/\/difference.goodbear.co.uk\/es\/terms-of-use\/#breadcrumb"},"inLanguage":"es-ES","potentialAction":[{"@type":"ReadAction","target":["https:\/\/difference.goodbear.co.uk\/es\/terms-of-use\/"]}]},{"@type":"BreadcrumbList","@id":"https:\/\/difference.goodbear.co.uk\/es\/terms-of-use\/#breadcrumb","itemListElement":[{"@type":"ListItem","position":1,"name":"Home","item":"https:\/\/difference.goodbear.co.uk\/es\/"},{"@type":"ListItem","position":2,"name":"T\u00e9rminos de uso"}]},{"@type":"WebSite","@id":"https:\/\/difference.goodbear.co.uk\/#website","url":"https:\/\/difference.goodbear.co.uk\/","name":"Difference: Make your faith count in a complex and divided world","description":"Difference is a 5 session course that explores what it means to follow Jesus in the face of conflict and see transformation through everyday encounters.","potentialAction":[{"@type":"SearchAction","target":{"@type":"EntryPoint","urlTemplate":"https:\/\/difference.goodbear.co.uk\/?s={search_term_string}"},"query-input":{"@type":"PropertyValueSpecification","valueRequired":true,"valueName":"search_term_string"}}],"inLanguage":"es-ES"}]}},"_links":{"self":[{"href":"https:\/\/difference.goodbear.co.uk\/es\/wp-json\/wp\/v2\/pages\/34218","targetHints":{"allow":["GET"]}}],"collection":[{"href":"https:\/\/difference.goodbear.co.uk\/es\/wp-json\/wp\/v2\/pages"}],"about":[{"href":"https:\/\/difference.goodbear.co.uk\/es\/wp-json\/wp\/v2\/types\/page"}],"author":[{"embeddable":true,"href":"https:\/\/difference.goodbear.co.uk\/es\/wp-json\/wp\/v2\/users\/4595"}],"replies":[{"embeddable":true,"href":"https:\/\/difference.goodbear.co.uk\/es\/wp-json\/wp\/v2\/comments?post=34218"}],"version-history":[{"count":1,"href":"https:\/\/difference.goodbear.co.uk\/es\/wp-json\/wp\/v2\/pages\/34218\/revisions"}],"predecessor-version":[{"id":34220,"href":"https:\/\/difference.goodbear.co.uk\/es\/wp-json\/wp\/v2\/pages\/34218\/revisions\/34220"}],"wp:attachment":[{"href":"https:\/\/difference.goodbear.co.uk\/es\/wp-json\/wp\/v2\/media?parent=34218"}],"curies":[{"name":"wp","href":"https:\/\/api.w.org\/{rel}","templated":true}]}}