{"id":35329,"date":"2024-10-29T12:58:50","date_gmt":"2024-10-29T12:58:50","guid":{"rendered":"https:\/\/difference.goodbear.co.uk\/?page_id=35329"},"modified":"2024-10-29T12:58:51","modified_gmt":"2024-10-29T12:58:51","slug":"nutzungsbedingungen","status":"publish","type":"page","link":"https:\/\/difference.goodbear.co.uk\/de\/nutzungsbedingungen\/","title":{"rendered":"Nutzungsbedingungen"},"content":{"rendered":"\n<div>\n\t<div>\n\t\t<p>\n\t\t\tDiese Richtlinie f\u00fcr eine angemessene Nutzung der Website (in Kombination mit den Dokumenten, auf die verwiesen wird) informiert dar\u00fcber, welche Arten der Nutzung der Website des \u201eReconciling Leaders Network\u201c (\u201eunsere Website\u201c) zul\u00e4ssig bzw. unzul\u00e4ssig sind.\n\t\t<\/p>\n\t\t<p>\n\t\t\tDie Nutzung unserer Website umfasst das Anzeigen von Seiten, Dokumenten und Medien sowie die Registrierung zur Nutzung bestimmter Funktionen. Bitte mach dich mit dieser Richtlinie und ihren Inhalten vertraut. Wenn du dieser Richtlinie nicht zustimmst, darfst du unsere Website nicht nutzen. \n\t\t<\/p>\n\t\t<p><strong>WICHTIG: Bei diesem Dokument handelt es sich um eine \u00dcbersetzung. Rechtlich bindend ist ausschlie\u00dflich der englische Originaltext.<\/strong><\/p>\n\t<\/div>\n\t<div>\n\t\t<h3>\n\t\t\tInformationen zum Betreiber\n\t\t<\/h3>\n\t\t<p>\n\t\t\tUnsere Website wird betrieben vom \u201eReconciling Leaders Network\u201c, einer in Gro\u00dfbritannien unter der Nummer 1176374 eingetragenen gemeinn\u00fctzigen Organisation mit Sitz in Lambeth Palace, Lambeth Palace Road, London, SE1 7JU, England.\n\t\t<\/p>\n\t\t<p>\n\t\t\tWir sind registriert bei der britischen Datenschutzbeh\u00f6rde <i>Information Commissioner&#8217;s Office<\/i> (ICO) unter der Registrierungsnummer ZA522948.\n\t\t<\/p>\n\t\t<p>\n\t\t\t<a href=\"#back-to-top\">\n\t\t\t\tNach oben\n\t\t\t<\/a>\n\t\t<\/p>\n\t<\/div>\n\t<div>\n\t\t<h3>\n\t\t\tSonstige anwendbare Bestimmungen\n\t\t<\/h3>\n\t\t<p>\n\t\t\tUnsere Datenschutz- und Cookie-Richtlinie betrifft ebenfalls deine Nutzung unserer Website und legt dar, wie wir von dir bereitgestellte bzw. erfasste personenbezogene Daten verarbeiten. Zudem enth\u00e4lt sie Informationen zu den von unserer Website verwendeten Cookies.\n\t\t<\/p>\n\t\t<p>\n\t\t\tDurch die Nutzung unserer Website stimmst du der Verarbeitung deiner personenbezogenen Daten zu. Du best\u00e4tigst die Richtigkeit der von dir bereitgestellten Daten und erkl\u00e4rst dich bereit, uns \u00fcber \u00c4nderungen zu informieren, um deine Daten auf dem neuesten Stand zu halten. Dar\u00fcber hinaus best\u00e4tigst du, dass die Bereitstellung von personenbezogenen Daten von Dritten mit deren Einverst\u00e4ndnis erfolgt ist und dass diese von dir bereitgestellten personenbezogenen Daten richtig sind und bei Bedarf aktualisiert werden.\n\t\t<\/p>\n\t\t<p>\n\t\t\t<a href=\"#back-to-top\">\n\t\t\t\tNach oben\n\t\t\t<\/a>\n\t\t<\/p>\n\t<\/div>\n\t<div>\n\t\t<h3>\n\t\t\t\u00c4nderungen dieses Dokuments\n\t\t<\/h3>\n\t\t<p>\n\t\t\tWir behalten uns vor, die Nutzungsbedingungen auf dieser Seite jederzeit ohne Vorank\u00fcndigung zu \u00e4ndern. Bitte ruf diese Seite gelegentlich auf, um zu \u00fcberpr\u00fcfen, ob \u00c4nderungen vorgenommen wurden, da die Nutzungsbedingungen f\u00fcr dich bindend sind.\n\t\t<\/p>\n\t\t<p>\n\t\t\t<a href=\"#back-to-top\">\n\t\t\t\tNach oben\n\t\t\t<\/a>\n\t\t<\/p>\n\t<\/div>\n\t<div>\n\t\t<h3>\n\t\t\t\u00c4nderungen unserer Website\n\t\t<\/h3>\n\t\t<p>\n\t\t\tWir behalten uns vor, unsere Website und deren Inhalte jederzeit ohne Vorank\u00fcndigung zu \u00e4ndern. Es kann allerdings vorkommen, dass Inhalte auf unserer Website veraltet sind; wir sind nicht verpflichtet, solche Inhalte zu aktualisieren. Wir k\u00f6nnen nicht garantieren, dass unsere Website und deren Inhalte fehlerfrei und vollst\u00e4ndig sind.\n\t\t<\/p>\n\t\t<p>\n\t\t\t<a href=\"#back-to-top\">\n\t\t\t\tNach oben\n\t\t\t<\/a>\n\t\t<\/p>\n\t<\/div>\n\t<div>\n\t\t<h3>\n\t\t\tZugriff auf unsere Website\n\t\t<\/h3>\n\t\t<p>\n\t\t\tWir bem\u00fchen uns nach Kr\u00e4ften, f\u00fcr einen reibungslosen Betrieb dieser Website und des zugeh\u00f6rigen Supports zu sorgen. Allerdings k\u00f6nnen wir die unterbrechungsfreie Verf\u00fcgbarkeit unserer Website, ihrer Inhalte und des Supports nicht garantieren. Der Zugriff auf unsere Website wird vor\u00fcbergehend einger\u00e4umt. Wir behalten uns das Recht vor, unsere Website jederzeit und ohne Vorank\u00fcndigung vollst\u00e4ndig oder teilweise einzuschr\u00e4nken, auszusetzen, einzustellen oder zu \u00e4ndern. Du kannst uns nicht haftbar machen, wenn unsere Website zeitweilig aus irgendeinem Grund nicht verf\u00fcgbar ist.\n\t\t<\/p>\n\t\t<p>\n\t\t\tDu bist daf\u00fcr verantwortlich, alle erforderlichen Ma\u00dfnahmen f\u00fcr den Zugriff auf unsere Website zu unternehmen.\n\t\t<\/p>\n\t\t<p>\n\t\t\tZudem hast du daf\u00fcr zu sorgen, dass alle Personen, die \u00fcber deine Internetverbindung auf unsere Website zugreifen, mit diesen Nutzungsbedingungen und anderen relevanten Dokumenten vertraut sind und sich daran halten.\n\t\t<\/p>\n\t\t<p>\n\t\t\t<a href=\"#back-to-top\">\n\t\t\t\tNach oben\n\t\t\t<\/a>\n\t\t<\/p>\n\t<\/div>\n\t<div>\n\t\t<h3>\n\t\t\tDein Konto und Passwort\n\t\t<\/h3>\n\t\t<p>\n\t\t\tWenn du im Rahmen der Kontoerstellung ein eigenes Passwort festlegst, musst du diese Daten vertraulich behandeln. Du darfst deine Anmeldedaten nicht an Dritte weitergeben. Wir behalten uns das Recht vor, ein Benutzerkonto jederzeit zu deaktivieren.\n\t\t<\/p>\n\t\t<p>\n\t\t\tWenn du erf\u00e4hrst oder vermutest, dass eine andere Person Kenntnis von deinem Passwort erlangt hat, musst du dieses umgehend \u00e4ndern.\n\t\t<\/p>\n\t\t<p>\n\t\t\t<a href=\"#back-to-top\">\n\t\t\t\tNach oben\n\t\t\t<\/a>\n\t\t<\/p>\n\t<\/div>\n\t<div>\n\t\t<h3>\n\t\t\tGeistiges Eigentum\n\t\t<\/h3>\n\t\t<p>\n\t\t\tAbgesehen von Daten, die du selbst auf unserer Website eingegeben hast (in diesem Fall verbleiben s\u00e4mtliche Rechte bei dir), sind wir Eigent\u00fcmer bzw. Lizenznehmer s\u00e4mtlichen geistigen Eigentums auf unserer Website und der darauf ver\u00f6ffentlichten Materialien. Diese Werke sind weltweit urheberrechtlich gesch\u00fctzt. Alle Rechte vorbehalten.\n\t\t<\/p>\n\t\t<p>\n\t\t\tBitte beachte, dass einige Inhalte auf dieser Website dem Urheberrecht Dritter unterliegen k\u00f6nnen. Die Verwendung dieser Inhalte erfolgt mit Genehmigung bzw. Zustimmung der Eigent\u00fcmer oder in \u00dcbereinstimmung mit dem britischen Copyright, Designs and Patents Act\u00a01988.\n\t\t<\/p>\n\t\t<p>\n\t\t\tFalls Dritte der Auffassung sind, durch Inhalte unserer Website in ihren Rechte verletzt zu werden, sollten sie sich umgehend mit uns in Verbindung setzen.\n\t\t<\/p>\n\t\t<p>\n\t\t\t<a href=\"#back-to-top\">\n\t\t\t\tNach oben\n\t\t\t<\/a>\n\t\t<\/p>\n\t<\/div>\n\t<div>\n\t\t<h3>\n\t\t\tBereitgestellte Informationen und Haftungsausschluss\n\t\t<\/h3>\n\t\t<p>\n\t\t\tVon uns bereitgestellte Informationen k\u00f6nnen unter anderem Folgendes beinhalten: Kursdetails, Kursmaterialien, Anleitungen, Touren, Benutzersupport, wichtige Informationen, Ausz\u00fcge (einschlie\u00dflich, jedoch nicht beschr\u00e4nkt auf, s\u00e4kulare und christliche Lesungen, Gedichte, Lieder und andere Literatur), Hinweise, Ank\u00fcndigungen, Neuigkeiten und andere allgemeine Informationen in unterschiedlichen Formaten. Folgende Formate sind m\u00f6glich: Bilder, Fotos, Audio und Video; entsprechende Materialien k\u00f6nnen unter anderem \u00fcber verkn\u00fcpfte Websites, pers\u00f6nlich sowie per Telefon oder E-Mail bereitgestellt werden.\n\t\t<\/p>\n\t\t<p>\n\t\t\tZwar bem\u00fchen wir uns nach Kr\u00e4ften, die Informationen auf unserer Website zeitnah zu aktualisieren, k\u00f6nnen aber weder ausdr\u00fcckliche noch implizierte Garantien, Zusagen oder Gew\u00e4hrleistungen zur Richtigkeit oder Vollst\u00e4ndigkeit der Inhalte auf unserer Website geben.\n\t\t<\/p>\n\t\t<p>\n\t\t\t<a href=\"#back-to-top\">\n\t\t\t\tNach oben\n\t\t\t<\/a>\n\t\t<\/p>\n\t<\/div>\n\t<div>\n\t\t<h3>\n\t\t\tVon Benutzerinnen und Benutzern bereitgestellte Informationen\n\t\t<\/h3>\n\t\t<p>\n\t\t\tDie von dir bereitgestellten Informationen m\u00fcssen zum Zeitpunkt der \u00dcbermittlung aktuell und korrekt sein, und du musst daf\u00fcr sorgen, dass sie bei \u00c4nderungen zeitnah aktualisiert werden. Die Verarbeitung aller personenbezogenen Informationen erfolgt in \u00dcbereinstimmung mit unserer Datenschutz- und Cookie-Richtlinie.\n\t\t<\/p>\n\t\t<p>\n\t\t\tWenn du in irgendeinem Bereich unserer Website Informationen bereitstellst, muss dies in \u00dcbereinstimmung mit diesen Nutzungsbedingungen erfolgen.\n\t\t<\/p>\n\t\t<p>\n\t\t\t<a href=\"#back-to-top\">\n\t\t\t\tNach oben\n\t\t\t<\/a>\n\t\t<\/p>\n\t<\/div>\n\t<div>\n\t\t<h3>\n\t\t\tHaftungsausschluss\n\t\t<\/h3>\n\t\t<p>\n\t\t\tDiese Nutzungsbedingungen schlie\u00dfen unsere Haftung f\u00fcr Todesf\u00e4lle oder Verletzungen aufgrund von Fahrl\u00e4ssigkeit, Betrug oder betr\u00fcgerischen Falschangaben sowie andere Haftung aufgrund von englischen Gesetzen nicht aus.\n\t\t<\/p>\n\t\t<p>\n\t\t\tSoweit gesetzlich zul\u00e4ssig, schlie\u00dfen wir s\u00e4mtliche ausdr\u00fccklichen und implizierten Konditionen, Garantien, Zusicherungen und andere Klauseln aus, die auf unsere Website anwendbar sind.\n\t\t<\/p>\n\t\t<p>\n\t\t\tWir haften gegen\u00fcber Benutzerinnen und Benutzern nicht f\u00fcr Verlust oder Sch\u00e4den infolge von Vertragsbruch, rechtswidrigen Handlungen (einschlie\u00dflich Fahrl\u00e4ssigkeit), Verletzung der Rechtspflicht oder anderen Bedingungen, die im Zusammenhang stehen mit:\n\t\t<\/p>\n\t\t<ul>\n\t\t\t<li>\n\t\t\t\tNutzung bzw. fehlender M\u00f6glichkeit der Nutzung unserer Website\n\t\t\t<\/li>\n\t\t\t<li>\n\t\t\t\tNutzung von bzw. Vertrauen auf Inhalte auf unserer Website\n\t\t\t<\/li>\n\t\t<\/ul>\n\t\t<p>\n\t\t\tWir haften nicht f\u00fcr Verlust oder Sch\u00e4den infolge von Viren, DoS-Angriffen (Denial of Service) oder anderen sch\u00e4dlichen Technologien, die deine Computer, Computerprogramme, Daten und andere propriet\u00e4re Materialien infizieren, nachdem du unsere Website oder andere darauf verlinkte Websites besucht oder Inhalte davon heruntergeladen hast.\n\t\t<\/p>\n\t\t<p>\n\t\t\tWir \u00fcbernehmen keine Verantwortung f\u00fcr die Inhalte externer Websites, auf die wir auf unserer Website verlinken. Solche Links stellen keine Billigung oder Unterst\u00fctzung der verlinkten Websites durch uns dar. Wir haften nicht f\u00fcr Verlust oder Sch\u00e4den infolge der Nutzung dieser Websites.\n\t\t<\/p>\n\t\t<p>\n\t\t\t<a href=\"#back-to-top\">\n\t\t\t\tNach oben\n\t\t\t<\/a>\n\t\t<\/p>\n\t<\/div>\n\t<div>\n\t\t<h3>\n\t\t\tViren\n\t\t<\/h3>\n\t\t<p>\n\t\t\tWir k\u00f6nnen nicht garantieren, dass unsere Website frei von Fehlern oder Viren ist.\n\t\t<\/p>\n\t\t<p>\n\t\t\tDu bist selbst daf\u00fcr verantwortlich, deine Ger\u00e4te, Computerprogramme und Plattformen f\u00fcr den Zugriff auf unsere Website zu konfigurieren. Du solltest eine geeignete Virenschutzsoftware verwenden.\n\t\t<\/p>\n\t\t<p>\n\t\t\tDu darfst unsere Website nicht missbrauchen, indem du wissentlich Viren, Trojaner, W\u00fcrmer, Logikbomben oder andere Schadsoftware einf\u00fchrst. Du darfst dir keinen unbefugten Zugriff auf unsere Website, die Server, auf denen unsere Website betrieben wird, oder andere Server, Computer oder Datenbanken in Verbindung mit unserer Website verschaffen. Du darfst keine DoS- (Denial of Service) oder DDoS-Angriffe (Distributed Denial of Service) auf unsere Website durchf\u00fchren. Wir werden alle derartigen Vorf\u00e4lle den zust\u00e4ndigen Strafverfolgungsbeh\u00f6rden melden und den ermittelnden Stellen deine Identit\u00e4t offenlegen. Jeder derartige Angriff f\u00fchrt zu einem sofortigen Entzug deiner Zugriffsrechte auf unsere Website.\n\t\t<\/p>\n\t\t<p>\n\t\t\t<a href=\"#back-to-top\">\n\t\t\t\tNach oben\n\t\t\t<\/a>\n\t\t<\/p>\n\t<\/div>\n\t<div>\n\t\t<h3>\n\t\t\tVerlinken auf unsere Website\n\t\t<\/h3>\n\t\t<p>\n\t\t\tDu darfst auf unsere Website verlinken, sofern dies fair und rechtskonform geschieht und den Ruf unserer Organisation weder besch\u00e4digt noch missbraucht. Es ist dir bei der Verlinkung nicht gestattet, den f\u00e4lschlichen Eindruck einer Billigung oder Unterst\u00fctzung durch uns zu erwecken. Du darfst nur von solchen Websites auf unsere Website verlinken, auf denen du zur Verlinkung berechtigt bist. Wir behalten uns das Recht vor, die Genehmigung einer Verlinkung jederzeit ohne Vorank\u00fcndigung zu widerrufen.\n\t\t<\/p>\n\t\t<p>\n\t\t\t<a href=\"#back-to-top\">\n\t\t\t\tNach oben\n\t\t\t<\/a>\n\t\t<\/p>\n\t<\/div>\n\t<div>\n\t\t<h3>\n\t\t\tExterne Links und Materialien auf unserer Website\n\t\t<\/h3>\n\t\t<p>\n\t\t\tLinks zu externen Websites und von Dritten bereitgestellten Materialien auf unserer Website dienen ausschlie\u00dflich der Information.\n\t\t<\/p>\n\t\t<p>\n\t\t\tWir haben keinerlei Einfluss auf die Inhalte dieser externen Websites oder Materialien. Links zu anderen Websites stellen keine Empfehlung, Billigung oder Unterst\u00fctzung der auf diesen Websites vertretenen Ansichten dar. Der Besuch solcher Websites erfolgt auf eigenes Risiko.\n\t\t<\/p>\n\t\t<p>\n\t\t\t<a href=\"#back-to-top\">\n\t\t\t\tNach oben\n\t\t\t<\/a>\n\t\t<\/p>\n\t<\/div>\n\t<div>\n\t\t<h3>\n\t\t\tKontaktaufnahme bei \u00c4nderungen auf der Website\n\t\t<\/h3>\n\t\t<p>\n\t\t\tWenn du auf unserer Website ein Benutzerkonto erstellst, informieren wir dich gelegentlich \u00fcber wichtige \u00c4nderungen, Aktualisierungen oder Verbesserungen an der Website.\n\t\t<\/p>\n\t\t<p>\n\t\t\t<a href=\"#back-to-top\">\n\t\t\t\tNach oben\n\t\t\t<\/a>\n\t\t<\/p>\n\t<\/div>\n\t<div>\n\t\t<h3>\n\t\t\tUnzul\u00e4ssige Nutzung\n\t\t<\/h3>\n\t\t<p>\n\t\t\tDu darfst unsere Website nur zu rechtm\u00e4\u00dfigen Zwecken nutzen. Folgendes ist unzul\u00e4ssig:\n\t\t<\/p>\n\t\t<ul>\n\t\t\t<li>\n\t\t\t\tNutzung, die gegen geltende kommunale, nationale und internationale Gesetze verst\u00f6\u00dft\n\t\t\t<\/li>\n\t\t\t<li>\n\t\t\t\tNutzung, die unrechtm\u00e4\u00dfig oder in betr\u00fcgerischer Absicht erfolgt\n\t\t\t<\/li>\n\t\t\t<li>\n\t\t\t\tNutzung mit dem Zweck, Schaden zuzuf\u00fcgen\n\t\t\t<\/li>\n\t\t\t<li>\n\t\t\t\tWissentliches Senden, Empfangen, Hochladen, Herunterladen, Verwenden oder Wiederverwenden von Materialien, die nicht den unten beschriebenen inhaltlichen Standards entsprechen\n\t\t\t<\/li>\n\t\t\t<li>\n\t\t\t\tSenden bzw. Veranlassen des Sendens von unerw\u00fcnschten Materialien oder Werbenachrichten (Spam)\n\t\t\t<\/li>\n\t\t\t<li>\n\t\t\t\tWissentliches \u00dcbermitteln, Senden oder Hochladen von Materialien, die Viren, Trojaner, W\u00fcrmer, Logikbomben, Keylogger, Spyware, Adware oder andere Schadsoftware bzw. Schadcode enthalten, um Computersoftware oder -hardware zu sch\u00e4digen\n\t\t\t<\/li>\n\t\t<\/ul>\n\t\t<p>\n\t\t\tDar\u00fcber hinaus stimmst du Folgendem zu:\n\t\t<\/p>\n\t\t<ul>\n\t\t\t<li>\n\t\t\t\tAbgesehen von den im Rahmen dieser Richtlinie zul\u00e4ssigen F\u00e4llen, verpflichtest du dich, unsere Website weder vollst\u00e4ndig noch in Ausz\u00fcgen zu reproduzieren, zu duplizieren, zu kopieren oder wiederzuverkaufen.\n\t\t\t<\/li>\n\t\t\t<li>\n\t\t\t\tDu verpflichtest dich, Folgendes ohne Genehmigung weder zu sch\u00e4digen noch zu st\u00f6ren:\n\t\t\t\t<ul>\n\t\t\t\t\t<li>\n\t\t\t\t\t\tbeliebige Teile unserer Website\n\t\t\t\t\t<\/li>\n\t\t\t\t\t<li>\n\t\t\t\t\t\tjegliche Ger\u00e4te oder Netzwerkkomponenten, auf denen unsere Website gespeichert ist\n\t\t\t\t\t<\/li>\n\t\t\t\t\t<li>\n\t\t\t\t\t\tjegliche Software, die zur Bereitstellung unserer Website genutzt wird\n\t\t\t\t\t<\/li>\n\t\t\t\t\t<li>\n\t\t\t\t\t\tjegliche Ger\u00e4te oder Netzwerkkomponenten, die sich im Besitz von Dritten befinden oder von diesen genutzt werden\n\t\t\t\t\t<\/li>\n\t\t\t\t<\/ul>\n\t\t\t<\/li>\n\t\t<\/ul>\n\t\t<p>\n\t\t\t<a href=\"#back-to-top\">\n\t\t\t\tNach oben\n\t\t\t<\/a>\n\t\t<\/p>\n\t<\/div>\n\t<div>\n\t\t<h3>\n\t\t\tAussetzung und Beendigung\n\t\t<\/h3>\n\t\t<p>\n\t\t\tSollte es nach unserem Ermessen zu einer unangemessenen Nutzung unserer Website durch dich kommen, behalten wir uns das Recht vor, geeignete Ma\u00dfnahmen zu ergreifen, darunter der Widerruf deiner Nutzungsrechte und, falls erforderlich, das Einlegen von Rechtsmitteln.\n\t\t<\/p>\n\t\t<p>\n\t\t\tWir haften nicht f\u00fcr Handlungen in Reaktion auf die unangemessene Nutzung der Website oder f\u00fcr Verst\u00f6\u00dfe gegen diese Richtlinie. Die Liste der in dieser Richtlinie beschriebenen Reaktionen ist nicht vollst\u00e4ndig. Wir behalten uns das Recht vor, jegliche andere Ma\u00dfnahmen zu ergreifen, die wir f\u00fcr angemessen halten.\n\t\t<\/p>\n\t\t<p>\n\t\t\t<a href=\"#back-to-top\">\n\t\t\t\tNach oben\n\t\t\t<\/a>\n\t\t<\/p>\n\t<\/div>\n\t<div>\n\t\t<h3>\n\t\t\tBarrierefreiheit\n\t\t<\/h3>\n\t\t<p>\n\t\t\tWir bem\u00fchen uns nach Kr\u00e4ften, diese Website f\u00fcr alle Benutzerinnen und Benutzer barrierefrei zu machen, und haben entsprechende Funktionen implementiert. Ziel ist es, die in den Web Content Accessibility Guidelines (WCAG) 2.0 des World Wide Web Consortium dargelegten technischen Standards f\u00fcr Barrierefreiheit zu erf\u00fcllen.\n\t\t<\/p>\n\t\t<p>\n\t\t\t<a href=\"#back-to-top\">\n\t\t\t\tNach oben\n\t\t\t<\/a>\n\t\t<\/p>\n\t<\/div>\n\t<div>\n\t\t<h3>\n\t\t\tGeltendes Recht\n\t\t<\/h3>\n\t\t<p>\n\t\t\tDiese Richtlinie mit s\u00e4mtlichen Inhalten unterliegt englischem Recht. Die rechtliche Zust\u00e4ndigkeit liegt ausschlie\u00dflich bei den Gerichten von England und Wales.\n\t\t<\/p>\n\t\t<p>\n\t\t\t<a href=\"#back-to-top\">\n\t\t\t\tNach oben\n\t\t\t<\/a>\n\t\t<\/p>\n\t<\/div>\n\t<div>\n\t\t<h3>\n\t\t\tKontakt\n\t\t<\/h3>\n\t\t<p>\n\t\t\tDu kannst dich wie folgt an uns wenden:\n\t\t<\/p>\n\t\t<h6>\n\t\t\tKontaktperson\n\t\t<\/h6>\n\t\t<p>\n\t\t\tZo\u00eb Tunstall\n\t\t<\/p>\n\t\t<h6>\n\t\t\tPostanschrift\n\t\t<\/h6>\n\t\t<p>\n\t\t\tLambeth Palace, Lambeth Palace Road, London, SE1 7JU, UK.\n\t\t<\/p>\n\t\t<h6>\n\t\t\tE-Mail-Adresse\n\t\t<\/h6>\n\t\t<p>\n\t\t\t<a href=\"mailto:hello@rln.global\">\n\t\t\t\thello@rln.global\n\t\t\t<\/a>\n\t\t<\/p>\n\t\t<p>\n\t\t\t<a href=\"#back-to-top\">\n\t\t\t\tNach oben\n\t\t\t<\/a>\n\t\t<\/p>\n\t<\/div>\n<\/div>\n","protected":false},"excerpt":{"rendered":"<p>Diese Richtlinie f\u00fcr eine angemessene Nutzung der Website (in Kombination mit den Dokumenten, auf die verwiesen wird) informiert dar\u00fcber, welche Arten der Nutzung der Website des \u201eReconciling Leaders Network\u201c (\u201eunsere Website\u201c) zul\u00e4ssig bzw. unzul\u00e4ssig sind. Die Nutzung unserer Website umfasst das Anzeigen von Seiten, Dokumenten und Medien sowie die Registrierung zur Nutzung bestimmter Funktionen. Bitte [&hellip;]<\/p>\n","protected":false},"author":4595,"featured_media":0,"parent":0,"menu_order":0,"comment_status":"closed","ping_status":"closed","template":"page-basic.php","meta":{"_acf_changed":false,"footnotes":""},"class_list":["post-35329","page","type-page","status-publish","hentry"],"acf":[],"yoast_head":"<!-- This site is optimized with the Yoast SEO plugin v26.9 - https:\/\/yoast.com\/product\/yoast-seo-wordpress\/ -->\n<title>Nutzungsbedingungen - Difference: Make your faith count in a complex and divided world<\/title>\n<meta name=\"robots\" content=\"noindex, follow, max-snippet:-1, max-image-preview:large, max-video-preview:-1\" \/>\n<meta property=\"og:locale\" content=\"de_DE\" \/>\n<meta property=\"og:type\" content=\"article\" \/>\n<meta property=\"og:title\" content=\"Nutzungsbedingungen - Difference: Make your faith count in a complex and divided world\" \/>\n<meta property=\"og:description\" content=\"Diese Richtlinie f\u00fcr eine angemessene Nutzung der Website (in Kombination mit den Dokumenten, auf die verwiesen wird) informiert dar\u00fcber, welche Arten der Nutzung der Website des \u201eReconciling Leaders Network\u201c (\u201eunsere Website\u201c) zul\u00e4ssig bzw. unzul\u00e4ssig sind. Die Nutzung unserer Website umfasst das Anzeigen von Seiten, Dokumenten und Medien sowie die Registrierung zur Nutzung bestimmter Funktionen. Bitte [&hellip;]\" \/>\n<meta property=\"og:url\" content=\"https:\/\/difference.goodbear.co.uk\/de\/nutzungsbedingungen\/\" \/>\n<meta property=\"og:site_name\" content=\"Difference: Make your faith count in a complex and divided world\" \/>\n<meta property=\"article:modified_time\" content=\"2024-10-29T12:58:51+00:00\" \/>\n<meta name=\"twitter:card\" content=\"summary_large_image\" \/>\n<meta name=\"twitter:label1\" content=\"Est. reading time\" \/>\n\t<meta name=\"twitter:data1\" content=\"8 minutes\" \/>\n<script type=\"application\/ld+json\" class=\"yoast-schema-graph\">{\"@context\":\"https:\/\/schema.org\",\"@graph\":[{\"@type\":\"WebPage\",\"@id\":\"https:\/\/difference.goodbear.co.uk\/de\/nutzungsbedingungen\/\",\"url\":\"https:\/\/difference.goodbear.co.uk\/de\/nutzungsbedingungen\/\",\"name\":\"Nutzungsbedingungen - Difference: Make your faith count in a complex and divided world\",\"isPartOf\":{\"@id\":\"https:\/\/difference.goodbear.co.uk\/#website\"},\"datePublished\":\"2024-10-29T12:58:50+00:00\",\"dateModified\":\"2024-10-29T12:58:51+00:00\",\"breadcrumb\":{\"@id\":\"https:\/\/difference.goodbear.co.uk\/de\/nutzungsbedingungen\/#breadcrumb\"},\"inLanguage\":\"de-DE\",\"potentialAction\":[{\"@type\":\"ReadAction\",\"target\":[\"https:\/\/difference.goodbear.co.uk\/de\/nutzungsbedingungen\/\"]}]},{\"@type\":\"BreadcrumbList\",\"@id\":\"https:\/\/difference.goodbear.co.uk\/de\/nutzungsbedingungen\/#breadcrumb\",\"itemListElement\":[{\"@type\":\"ListItem\",\"position\":1,\"name\":\"Home\",\"item\":\"https:\/\/difference.goodbear.co.uk\/de\/\"},{\"@type\":\"ListItem\",\"position\":2,\"name\":\"Nutzungsbedingungen\"}]},{\"@type\":\"WebSite\",\"@id\":\"https:\/\/difference.goodbear.co.uk\/#website\",\"url\":\"https:\/\/difference.goodbear.co.uk\/\",\"name\":\"Difference: Make your faith count in a complex and divided world\",\"description\":\"Difference is a 5 session course that explores what it means to follow Jesus in the face of conflict and see transformation through everyday encounters.\",\"potentialAction\":[{\"@type\":\"SearchAction\",\"target\":{\"@type\":\"EntryPoint\",\"urlTemplate\":\"https:\/\/difference.goodbear.co.uk\/?s={search_term_string}\"},\"query-input\":{\"@type\":\"PropertyValueSpecification\",\"valueRequired\":true,\"valueName\":\"search_term_string\"}}],\"inLanguage\":\"de-DE\"}]}<\/script>\n<!-- \/ Yoast SEO plugin. -->","yoast_head_json":{"title":"Nutzungsbedingungen - Difference: Make your faith count in a complex and divided world","robots":{"index":"noindex","follow":"follow","max-snippet":"max-snippet:-1","max-image-preview":"max-image-preview:large","max-video-preview":"max-video-preview:-1"},"og_locale":"de_DE","og_type":"article","og_title":"Nutzungsbedingungen - Difference: Make your faith count in a complex and divided world","og_description":"Diese Richtlinie f\u00fcr eine angemessene Nutzung der Website (in Kombination mit den Dokumenten, auf die verwiesen wird) informiert dar\u00fcber, welche Arten der Nutzung der Website des \u201eReconciling Leaders Network\u201c (\u201eunsere Website\u201c) zul\u00e4ssig bzw. unzul\u00e4ssig sind. Die Nutzung unserer Website umfasst das Anzeigen von Seiten, Dokumenten und Medien sowie die Registrierung zur Nutzung bestimmter Funktionen. Bitte [&hellip;]","og_url":"https:\/\/difference.goodbear.co.uk\/de\/nutzungsbedingungen\/","og_site_name":"Difference: Make your faith count in a complex and divided world","article_modified_time":"2024-10-29T12:58:51+00:00","twitter_card":"summary_large_image","twitter_misc":{"Est. reading time":"8 minutes"},"schema":{"@context":"https:\/\/schema.org","@graph":[{"@type":"WebPage","@id":"https:\/\/difference.goodbear.co.uk\/de\/nutzungsbedingungen\/","url":"https:\/\/difference.goodbear.co.uk\/de\/nutzungsbedingungen\/","name":"Nutzungsbedingungen - Difference: Make your faith count in a complex and divided world","isPartOf":{"@id":"https:\/\/difference.goodbear.co.uk\/#website"},"datePublished":"2024-10-29T12:58:50+00:00","dateModified":"2024-10-29T12:58:51+00:00","breadcrumb":{"@id":"https:\/\/difference.goodbear.co.uk\/de\/nutzungsbedingungen\/#breadcrumb"},"inLanguage":"de-DE","potentialAction":[{"@type":"ReadAction","target":["https:\/\/difference.goodbear.co.uk\/de\/nutzungsbedingungen\/"]}]},{"@type":"BreadcrumbList","@id":"https:\/\/difference.goodbear.co.uk\/de\/nutzungsbedingungen\/#breadcrumb","itemListElement":[{"@type":"ListItem","position":1,"name":"Home","item":"https:\/\/difference.goodbear.co.uk\/de\/"},{"@type":"ListItem","position":2,"name":"Nutzungsbedingungen"}]},{"@type":"WebSite","@id":"https:\/\/difference.goodbear.co.uk\/#website","url":"https:\/\/difference.goodbear.co.uk\/","name":"Difference: Make your faith count in a complex and divided world","description":"Difference is a 5 session course that explores what it means to follow Jesus in the face of conflict and see transformation through everyday encounters.","potentialAction":[{"@type":"SearchAction","target":{"@type":"EntryPoint","urlTemplate":"https:\/\/difference.goodbear.co.uk\/?s={search_term_string}"},"query-input":{"@type":"PropertyValueSpecification","valueRequired":true,"valueName":"search_term_string"}}],"inLanguage":"de-DE"}]}},"_links":{"self":[{"href":"https:\/\/difference.goodbear.co.uk\/de\/wp-json\/wp\/v2\/pages\/35329","targetHints":{"allow":["GET"]}}],"collection":[{"href":"https:\/\/difference.goodbear.co.uk\/de\/wp-json\/wp\/v2\/pages"}],"about":[{"href":"https:\/\/difference.goodbear.co.uk\/de\/wp-json\/wp\/v2\/types\/page"}],"author":[{"embeddable":true,"href":"https:\/\/difference.goodbear.co.uk\/de\/wp-json\/wp\/v2\/users\/4595"}],"replies":[{"embeddable":true,"href":"https:\/\/difference.goodbear.co.uk\/de\/wp-json\/wp\/v2\/comments?post=35329"}],"version-history":[{"count":1,"href":"https:\/\/difference.goodbear.co.uk\/de\/wp-json\/wp\/v2\/pages\/35329\/revisions"}],"predecessor-version":[{"id":35330,"href":"https:\/\/difference.goodbear.co.uk\/de\/wp-json\/wp\/v2\/pages\/35329\/revisions\/35330"}],"wp:attachment":[{"href":"https:\/\/difference.goodbear.co.uk\/de\/wp-json\/wp\/v2\/media?parent=35329"}],"curies":[{"name":"wp","href":"https:\/\/api.w.org\/{rel}","templated":true}]}}