{"id":35321,"date":"2024-10-25T11:25:32","date_gmt":"2024-10-25T11:25:32","guid":{"rendered":"https:\/\/difference.goodbear.co.uk\/?page_id=35321"},"modified":"2024-10-25T11:25:33","modified_gmt":"2024-10-25T11:25:33","slug":"schutz","status":"publish","type":"page","link":"https:\/\/difference.goodbear.co.uk\/de\/schutz\/","title":{"rendered":"Schutz"},"content":{"rendered":"\n<p>Wir hoffen, der Difference-Kurs bietet Gruppen eine fantastische M\u00f6glichkeit, herauszufinden, was es bedeutet, Jesus angesichts von Konflikten nachzufolgen und zu erleben, wie Beziehungen sich ver\u00e4ndern. Zudem w\u00fcnschen wir uns, dass alle Teilnehmenden sich als Teil einer offenen, warmherzigen und ermutigenden Gruppe sehen k\u00f6nnen.<br>&#8220;Wir erwarten, dass sich alle Moderierenden nach den geltenden Schutzrichtlinien und -verfahren ihrer jeweiligen Kirchengemeinde richten.<\/p>\n\n\n\n<p>Kirchen- und Gemeindegruppen, die den Difference-Kurs durchf\u00fchren, sind verantwortlich f\u00fcr Folgendes:<\/p>\n\n\n\n<p>Auswahl von geeigneten Personen f\u00fcr die Kursmoderation<br>Bereitstellung von geeigneten Angeboten zur Unterst\u00fctzung von Teilnehmenden, die dies ben\u00f6tigen<br>Ergreifen von Ma\u00dfnahmen bei Schutzverletzungen, die w\u00e4hrend des Kurses auftreten<br>Das Kursmaterial wurde entwickelt f\u00fcr Menschen, die mindestens 18&nbsp;Jahre alt sind. Der Difference-Kurs eignet sich nicht als Ersatz f\u00fcr Seelsorge oder Therapie.&#8221;<\/p>\n","protected":false},"excerpt":{"rendered":"<p>Wir hoffen, der Difference-Kurs bietet Gruppen eine fantastische M\u00f6glichkeit, herauszufinden, was es bedeutet, Jesus angesichts von Konflikten nachzufolgen und zu erleben, wie Beziehungen sich ver\u00e4ndern. Zudem w\u00fcnschen wir uns, dass alle Teilnehmenden sich als Teil einer offenen, warmherzigen und ermutigenden Gruppe sehen k\u00f6nnen.&#8220;Wir erwarten, dass sich alle Moderierenden nach den geltenden Schutzrichtlinien und -verfahren ihrer [&hellip;]<\/p>\n","protected":false},"author":4595,"featured_media":0,"parent":0,"menu_order":0,"comment_status":"closed","ping_status":"closed","template":"page-basic.php","meta":{"_acf_changed":false,"footnotes":""},"class_list":["post-35321","page","type-page","status-publish","hentry"],"acf":[],"yoast_head":"<!-- This site is optimized with the Yoast SEO plugin v26.9 - https:\/\/yoast.com\/product\/yoast-seo-wordpress\/ -->\n<title>Schutz - Difference: Make your faith count in a complex and divided world<\/title>\n<meta name=\"robots\" content=\"noindex, follow, max-snippet:-1, max-image-preview:large, max-video-preview:-1\" \/>\n<meta property=\"og:locale\" content=\"de_DE\" \/>\n<meta property=\"og:type\" content=\"article\" \/>\n<meta property=\"og:title\" content=\"Schutz - Difference: Make your faith count in a complex and divided world\" \/>\n<meta property=\"og:description\" content=\"Wir hoffen, der Difference-Kurs bietet Gruppen eine fantastische M\u00f6glichkeit, herauszufinden, was es bedeutet, Jesus angesichts von Konflikten nachzufolgen und zu erleben, wie Beziehungen sich ver\u00e4ndern. Zudem w\u00fcnschen wir uns, dass alle Teilnehmenden sich als Teil einer offenen, warmherzigen und ermutigenden Gruppe sehen k\u00f6nnen.&#8220;Wir erwarten, dass sich alle Moderierenden nach den geltenden Schutzrichtlinien und -verfahren ihrer [&hellip;]\" \/>\n<meta property=\"og:url\" content=\"https:\/\/difference.goodbear.co.uk\/de\/schutz\/\" \/>\n<meta property=\"og:site_name\" content=\"Difference: Make your faith count in a complex and divided world\" \/>\n<meta property=\"article:modified_time\" content=\"2024-10-25T11:25:33+00:00\" \/>\n<meta name=\"twitter:card\" content=\"summary_large_image\" \/>\n<meta name=\"twitter:label1\" content=\"Est. reading time\" \/>\n\t<meta name=\"twitter:data1\" content=\"1 minute\" \/>\n<script type=\"application\/ld+json\" class=\"yoast-schema-graph\">{\"@context\":\"https:\/\/schema.org\",\"@graph\":[{\"@type\":\"WebPage\",\"@id\":\"https:\/\/difference.goodbear.co.uk\/de\/schutz\/\",\"url\":\"https:\/\/difference.goodbear.co.uk\/de\/schutz\/\",\"name\":\"Schutz - Difference: Make your faith count in a complex and divided world\",\"isPartOf\":{\"@id\":\"https:\/\/difference.goodbear.co.uk\/#website\"},\"datePublished\":\"2024-10-25T11:25:32+00:00\",\"dateModified\":\"2024-10-25T11:25:33+00:00\",\"breadcrumb\":{\"@id\":\"https:\/\/difference.goodbear.co.uk\/de\/schutz\/#breadcrumb\"},\"inLanguage\":\"de-DE\",\"potentialAction\":[{\"@type\":\"ReadAction\",\"target\":[\"https:\/\/difference.goodbear.co.uk\/de\/schutz\/\"]}]},{\"@type\":\"BreadcrumbList\",\"@id\":\"https:\/\/difference.goodbear.co.uk\/de\/schutz\/#breadcrumb\",\"itemListElement\":[{\"@type\":\"ListItem\",\"position\":1,\"name\":\"Home\",\"item\":\"https:\/\/difference.goodbear.co.uk\/de\/\"},{\"@type\":\"ListItem\",\"position\":2,\"name\":\"Schutz\"}]},{\"@type\":\"WebSite\",\"@id\":\"https:\/\/difference.goodbear.co.uk\/#website\",\"url\":\"https:\/\/difference.goodbear.co.uk\/\",\"name\":\"Difference: Make your faith count in a complex and divided world\",\"description\":\"Difference is a 5 session course that explores what it means to follow Jesus in the face of conflict and see transformation through everyday encounters.\",\"potentialAction\":[{\"@type\":\"SearchAction\",\"target\":{\"@type\":\"EntryPoint\",\"urlTemplate\":\"https:\/\/difference.goodbear.co.uk\/?s={search_term_string}\"},\"query-input\":{\"@type\":\"PropertyValueSpecification\",\"valueRequired\":true,\"valueName\":\"search_term_string\"}}],\"inLanguage\":\"de-DE\"}]}<\/script>\n<!-- \/ Yoast SEO plugin. -->","yoast_head_json":{"title":"Schutz - Difference: Make your faith count in a complex and divided world","robots":{"index":"noindex","follow":"follow","max-snippet":"max-snippet:-1","max-image-preview":"max-image-preview:large","max-video-preview":"max-video-preview:-1"},"og_locale":"de_DE","og_type":"article","og_title":"Schutz - Difference: Make your faith count in a complex and divided world","og_description":"Wir hoffen, der Difference-Kurs bietet Gruppen eine fantastische M\u00f6glichkeit, herauszufinden, was es bedeutet, Jesus angesichts von Konflikten nachzufolgen und zu erleben, wie Beziehungen sich ver\u00e4ndern. Zudem w\u00fcnschen wir uns, dass alle Teilnehmenden sich als Teil einer offenen, warmherzigen und ermutigenden Gruppe sehen k\u00f6nnen.&#8220;Wir erwarten, dass sich alle Moderierenden nach den geltenden Schutzrichtlinien und -verfahren ihrer [&hellip;]","og_url":"https:\/\/difference.goodbear.co.uk\/de\/schutz\/","og_site_name":"Difference: Make your faith count in a complex and divided world","article_modified_time":"2024-10-25T11:25:33+00:00","twitter_card":"summary_large_image","twitter_misc":{"Est. reading time":"1 minute"},"schema":{"@context":"https:\/\/schema.org","@graph":[{"@type":"WebPage","@id":"https:\/\/difference.goodbear.co.uk\/de\/schutz\/","url":"https:\/\/difference.goodbear.co.uk\/de\/schutz\/","name":"Schutz - Difference: Make your faith count in a complex and divided world","isPartOf":{"@id":"https:\/\/difference.goodbear.co.uk\/#website"},"datePublished":"2024-10-25T11:25:32+00:00","dateModified":"2024-10-25T11:25:33+00:00","breadcrumb":{"@id":"https:\/\/difference.goodbear.co.uk\/de\/schutz\/#breadcrumb"},"inLanguage":"de-DE","potentialAction":[{"@type":"ReadAction","target":["https:\/\/difference.goodbear.co.uk\/de\/schutz\/"]}]},{"@type":"BreadcrumbList","@id":"https:\/\/difference.goodbear.co.uk\/de\/schutz\/#breadcrumb","itemListElement":[{"@type":"ListItem","position":1,"name":"Home","item":"https:\/\/difference.goodbear.co.uk\/de\/"},{"@type":"ListItem","position":2,"name":"Schutz"}]},{"@type":"WebSite","@id":"https:\/\/difference.goodbear.co.uk\/#website","url":"https:\/\/difference.goodbear.co.uk\/","name":"Difference: Make your faith count in a complex and divided world","description":"Difference is a 5 session course that explores what it means to follow Jesus in the face of conflict and see transformation through everyday encounters.","potentialAction":[{"@type":"SearchAction","target":{"@type":"EntryPoint","urlTemplate":"https:\/\/difference.goodbear.co.uk\/?s={search_term_string}"},"query-input":{"@type":"PropertyValueSpecification","valueRequired":true,"valueName":"search_term_string"}}],"inLanguage":"de-DE"}]}},"_links":{"self":[{"href":"https:\/\/difference.goodbear.co.uk\/de\/wp-json\/wp\/v2\/pages\/35321","targetHints":{"allow":["GET"]}}],"collection":[{"href":"https:\/\/difference.goodbear.co.uk\/de\/wp-json\/wp\/v2\/pages"}],"about":[{"href":"https:\/\/difference.goodbear.co.uk\/de\/wp-json\/wp\/v2\/types\/page"}],"author":[{"embeddable":true,"href":"https:\/\/difference.goodbear.co.uk\/de\/wp-json\/wp\/v2\/users\/4595"}],"replies":[{"embeddable":true,"href":"https:\/\/difference.goodbear.co.uk\/de\/wp-json\/wp\/v2\/comments?post=35321"}],"version-history":[{"count":1,"href":"https:\/\/difference.goodbear.co.uk\/de\/wp-json\/wp\/v2\/pages\/35321\/revisions"}],"predecessor-version":[{"id":35322,"href":"https:\/\/difference.goodbear.co.uk\/de\/wp-json\/wp\/v2\/pages\/35321\/revisions\/35322"}],"wp:attachment":[{"href":"https:\/\/difference.goodbear.co.uk\/de\/wp-json\/wp\/v2\/media?parent=35321"}],"curies":[{"name":"wp","href":"https:\/\/api.w.org\/{rel}","templated":true}]}}